{"id":159,"date":"2020-04-06T18:02:54","date_gmt":"2020-04-06T17:02:54","guid":{"rendered":"https:\/\/ksp.ffzg.unizg.hr\/?page_id=159"},"modified":"2020-04-06T18:09:15","modified_gmt":"2020-04-06T17:09:15","slug":"prijavnica","status":"publish","type":"page","link":"https:\/\/ksp.ffzg.unizg.hr\/index.php\/prijavnica\/","title":{"rendered":"Prijavnica"},"content":{"rendered":"<div id=\"prijavnica\"><div role=\"form\" class=\"wpcf7\" id=\"wpcf7-f162-o1\" lang=\"hr\" dir=\"ltr\">\n<div class=\"screen-reader-response\" aria-live=\"polite\"><\/div>\n<form action=\"\/index.php\/wp-json\/wp\/v2\/pages\/159#wpcf7-f162-o1\" method=\"post\" class=\"wpcf7-form\" enctype=\"multipart\/form-data\" novalidate=\"novalidate\">\n<div style=\"display: none;\">\n<input type=\"hidden\" name=\"_wpcf7\" value=\"162\" \/>\n<input type=\"hidden\" name=\"_wpcf7_version\" value=\"5.1.9\" \/>\n<input type=\"hidden\" name=\"_wpcf7_locale\" value=\"hr\" \/>\n<input type=\"hidden\" name=\"_wpcf7_unit_tag\" value=\"wpcf7-f162-o1\" \/>\n<input type=\"hidden\" name=\"_wpcf7_container_post\" value=\"0\" \/>\n<\/div>\n<p><label> Ime i prezime (obavezno)<br \/>\n    <span class=\"wpcf7-form-control-wrap tvoje-ime-prezime\"><input type=\"text\" name=\"tvoje-ime-prezime\" value=\"\" size=\"40\" class=\"wpcf7-form-control wpcf7-text wpcf7-validates-as-required\" aria-required=\"true\" aria-invalid=\"false\" \/><\/span> <\/label><\/p>\n<p><label> Adresa (obavezno)<br \/>\n    <span class=\"wpcf7-form-control-wrap adresa\"><input type=\"text\" name=\"adresa\" value=\"\" size=\"40\" class=\"wpcf7-form-control wpcf7-text wpcf7-validates-as-required\" aria-required=\"true\" aria-invalid=\"false\" \/><\/span> <\/label><\/p>\n<p><label> Grad i dr\u017eava (obavezno)<br \/>\n    <span class=\"wpcf7-form-control-wrap grad-drzava\"><input type=\"text\" name=\"grad-drzava\" value=\"\" size=\"40\" class=\"wpcf7-form-control wpcf7-text wpcf7-validates-as-required\" aria-required=\"true\" aria-invalid=\"false\" \/><\/span> <\/label><\/p>\n<p><label> Fakultet (obavezno)<br \/>\n    <span class=\"wpcf7-form-control-wrap fakultet\"><input type=\"text\" name=\"fakultet\" value=\"\" size=\"40\" class=\"wpcf7-form-control wpcf7-text wpcf7-validates-as-required\" aria-required=\"true\" aria-invalid=\"false\" \/><\/span> <\/label><\/p>\n<p><label> Studijska grupa i godina studija (obavezno)<br \/>\n    <span class=\"wpcf7-form-control-wrap grupa-godina\"><input type=\"text\" name=\"grupa-godina\" value=\"\" size=\"40\" class=\"wpcf7-form-control wpcf7-text wpcf7-validates-as-required\" aria-required=\"true\" aria-invalid=\"false\" \/><\/span> <\/label><\/p>\n<p><label> Kontakt broj (obavezno)<br \/>\n    <span class=\"wpcf7-form-control-wrap kontakt-broj\"><input type=\"text\" name=\"kontakt-broj\" value=\"\" size=\"40\" class=\"wpcf7-form-control wpcf7-text wpcf7-validates-as-required\" aria-required=\"true\" aria-invalid=\"false\" \/><\/span> <\/label><\/p>\n<p><label> Kontakt mail (obavezno)<br \/>\n    <span class=\"wpcf7-form-control-wrap kontakt-mail\"><input type=\"text\" name=\"kontakt-mail\" value=\"\" size=\"40\" class=\"wpcf7-form-control wpcf7-text wpcf7-validates-as-required\" aria-required=\"true\" aria-invalid=\"false\" \/><\/span> <\/label><\/p>\n<p><label> Naslov rada<br \/>\n    <span class=\"wpcf7-form-control-wrap naslov-rada\"><input type=\"text\" name=\"naslov-rada\" value=\"\" size=\"40\" class=\"wpcf7-form-control wpcf7-text\" aria-invalid=\"false\" \/><\/span> <\/label><\/p>\n<p><label> Vrsta rada<br \/>\n     <span class=\"wpcf7-form-control-wrap vrsta-rada\"><select name=\"vrsta-rada\" class=\"wpcf7-form-control wpcf7-select\" aria-invalid=\"false\"><option value=\"\">---<\/option><option value=\"znanstveno-istra\u017eiva\u010dki\">znanstveno-istra\u017eiva\u010dki<\/option><option value=\"umjetni\u010dki\">umjetni\u010dki<\/option><\/select><\/span><br \/>\n<\/label><\/p>\n<p><label> Sa\u017eetak rada<br \/>\n     <span class=\"wpcf7-form-control-wrap sazetak-rada\"><input type=\"file\" name=\"sazetak-rada\" size=\"40\" class=\"wpcf7-form-control wpcf7-file\" accept=\".jpg,.jpeg,.png,.gif,.pdf,.doc,.docx,.ppt,.pptx,.odt,.avi,.ogg,.m4a,.mov,.mp3,.mp4,.mpg,.wav,.wmv\" aria-invalid=\"false\" \/><\/span><br \/>\n<\/label><\/p>\n<p><label> Multimedijski zapis<br \/>\n     <span class=\"wpcf7-form-control-wrap multimedijski-zapis\"><input type=\"file\" name=\"multimedijski-zapis\" size=\"40\" class=\"wpcf7-form-control wpcf7-file\" accept=\".jpg,.jpeg,.png,.gif,.pdf,.doc,.docx,.ppt,.pptx,.odt,.avi,.ogg,.m4a,.mov,.mp3,.mp4,.mpg,.wav,.wmv\" aria-invalid=\"false\" \/><\/span><br \/>\n(Za umjetni\u010dke radove)<br \/>\n<\/label><\/p>\n<p><span class=\"wpcf7-form-control-wrap privola\"><span class=\"wpcf7-form-control wpcf7-acceptance\"><span class=\"wpcf7-list-item\"><label><input type=\"checkbox\" name=\"privola\" value=\"1\" aria-invalid=\"false\" \/><span class=\"wpcf7-list-item-label\">Dajem privolu za prikupljanje i daljnju obradu osobnih podataka te dodatnih materijala iz prijavnice isklju\u010divo u svrhu organizacije Konferencije \u201cSutra dolazi danas\u201d. Tako\u0111er, dajem privolu za fotografiranje i snimanje te objavu istih materijala kao i radova (u vidu zbornika) na mre\u017enim stranicama Kluba studenata pedagogije isklju\u010divo u svrhu informiranja i promocije.  Klub studenata pedagogije se obvezuje postupati s njima u skladu sa Op\u0107om uredbom o za\u0161titi podataka.<\/span><\/label><\/span><\/span><\/span><\/p>\n<p><input type=\"submit\" value=\"Po\u0161alji\" class=\"wpcf7-form-control wpcf7-submit\" \/><\/p>\n<div class=\"wpcf7-response-output wpcf7-display-none\" aria-hidden=\"true\"><\/div><\/form><\/div> <\/div>\n\n\n\n<p><\/p>\n","protected":false},"excerpt":{"rendered":"","protected":false},"author":2,"featured_media":0,"parent":0,"menu_order":0,"comment_status":"closed","ping_status":"closed","template":"","meta":[],"_links":{"self":[{"href":"https:\/\/ksp.ffzg.unizg.hr\/index.php\/wp-json\/wp\/v2\/pages\/159"}],"collection":[{"href":"https:\/\/ksp.ffzg.unizg.hr\/index.php\/wp-json\/wp\/v2\/pages"}],"about":[{"href":"https:\/\/ksp.ffzg.unizg.hr\/index.php\/wp-json\/wp\/v2\/types\/page"}],"author":[{"embeddable":true,"href":"https:\/\/ksp.ffzg.unizg.hr\/index.php\/wp-json\/wp\/v2\/users\/2"}],"replies":[{"embeddable":true,"href":"https:\/\/ksp.ffzg.unizg.hr\/index.php\/wp-json\/wp\/v2\/comments?post=159"}],"version-history":[{"count":4,"href":"https:\/\/ksp.ffzg.unizg.hr\/index.php\/wp-json\/wp\/v2\/pages\/159\/revisions"}],"predecessor-version":[{"id":167,"href":"https:\/\/ksp.ffzg.unizg.hr\/index.php\/wp-json\/wp\/v2\/pages\/159\/revisions\/167"}],"wp:attachment":[{"href":"https:\/\/ksp.ffzg.unizg.hr\/index.php\/wp-json\/wp\/v2\/media?parent=159"}],"curies":[{"name":"wp","href":"https:\/\/api.w.org\/{rel}","templated":true}]}}