{"id":511,"date":"2022-08-31T12:33:31","date_gmt":"2022-08-31T11:33:31","guid":{"rendered":"https:\/\/ksp.ffzg.unizg.hr\/?page_id=511"},"modified":"2025-09-24T20:43:03","modified_gmt":"2025-09-24T19:43:03","slug":"vodstvo-i-clanovi","status":"publish","type":"page","link":"https:\/\/ksp.ffzg.unizg.hr\/index.php\/vodstvo-i-clanovi\/","title":{"rendered":"Vodstvo i \u010dlanovi"},"content":{"rendered":"\t\t<div data-elementor-type=\"wp-page\" data-elementor-id=\"511\" class=\"elementor elementor-511\">\n\t\t\t\t\t\t\t\t\t<section class=\"elementor-section elementor-top-section elementor-element elementor-element-7ee8c24 elementor-section-boxed elementor-section-height-default elementor-section-height-default\" data-id=\"7ee8c24\" data-element_type=\"section\">\n\t\t\t\t\t\t<div class=\"elementor-container elementor-column-gap-default\">\n\t\t\t\t\t<div class=\"elementor-column elementor-col-33 elementor-top-column elementor-element elementor-element-0bea19e\" data-id=\"0bea19e\" data-element_type=\"column\">\n\t\t\t<div class=\"elementor-widget-wrap elementor-element-populated\">\n\t\t\t\t\t\t\t\t<div class=\"elementor-element elementor-element-708e85b elementor-position-top elementor-vertical-align-top elementor-widget elementor-widget-image-box\" data-id=\"708e85b\" data-element_type=\"widget\" data-widget_type=\"image-box.default\">\n\t\t\t\t<div class=\"elementor-widget-container\">\n\t\t\t<style>\/*! elementor - v3.7.1 - 14-08-2022 *\/\n.elementor-widget-image-box .elementor-image-box-content{width:100%}@media (min-width:768px){.elementor-widget-image-box.elementor-position-left .elementor-image-box-wrapper,.elementor-widget-image-box.elementor-position-right .elementor-image-box-wrapper{display:-webkit-box;display:-ms-flexbox;display:flex}.elementor-widget-image-box.elementor-position-right .elementor-image-box-wrapper{text-align:right;-webkit-box-orient:horizontal;-webkit-box-direction:reverse;-ms-flex-direction:row-reverse;flex-direction:row-reverse}.elementor-widget-image-box.elementor-position-left .elementor-image-box-wrapper{text-align:left;-webkit-box-orient:horizontal;-webkit-box-direction:normal;-ms-flex-direction:row;flex-direction:row}.elementor-widget-image-box.elementor-position-top .elementor-image-box-img{margin:auto}.elementor-widget-image-box.elementor-vertical-align-top .elementor-image-box-wrapper{-webkit-box-align:start;-ms-flex-align:start;align-items:flex-start}.elementor-widget-image-box.elementor-vertical-align-middle .elementor-image-box-wrapper{-webkit-box-align:center;-ms-flex-align:center;align-items:center}.elementor-widget-image-box.elementor-vertical-align-bottom .elementor-image-box-wrapper{-webkit-box-align:end;-ms-flex-align:end;align-items:flex-end}}@media (max-width:767px){.elementor-widget-image-box .elementor-image-box-img{margin-left:auto!important;margin-right:auto!important;margin-bottom:15px}}.elementor-widget-image-box .elementor-image-box-img{display:inline-block}.elementor-widget-image-box .elementor-image-box-title a{color:inherit}.elementor-widget-image-box .elementor-image-box-wrapper{text-align:center}.elementor-widget-image-box .elementor-image-box-description{margin:0}<\/style><div class=\"elementor-image-box-wrapper\"><figure class=\"elementor-image-box-img\"><img width=\"675\" height=\"900\" src=\"https:\/\/ksp.ffzg.unizg.hr\/wp-content\/uploads\/2025\/09\/Viktoria_KSP2.jpg\" class=\"attachment-full size-full\" alt=\"\" loading=\"lazy\" \/><\/figure><div class=\"elementor-image-box-content\"><h3 class=\"elementor-image-box-title\">Viktoria Ulamec<\/h3><p class=\"elementor-image-box-description\"><b style=\"font-size: 15px; color: #972529\"><p>Predsjednica<\/p><\/b>\n<span style=\"color: rgb(171, 171, 171); font-size: 11pt; line-height: 15.6933px; font-family: Calibri, sans-serif;\">To the world we dream about, and the one we live in now.. <\/span><span style=\"color: rgb(171, 171, 171);\"><\/span><\/p><\/div><\/div>\t\t<\/div>\n\t\t\t\t<\/div>\n\t\t\t\t\t<\/div>\n\t\t<\/div>\n\t\t\t\t<div class=\"elementor-column elementor-col-33 elementor-top-column elementor-element elementor-element-58d01e6\" data-id=\"58d01e6\" data-element_type=\"column\">\n\t\t\t<div class=\"elementor-widget-wrap elementor-element-populated\">\n\t\t\t\t\t\t\t\t<div class=\"elementor-element elementor-element-29f40d7 elementor-position-top elementor-vertical-align-top elementor-widget elementor-widget-image-box\" data-id=\"29f40d7\" data-element_type=\"widget\" data-widget_type=\"image-box.default\">\n\t\t\t\t<div class=\"elementor-widget-container\">\n\t\t\t<div class=\"elementor-image-box-wrapper\"><figure class=\"elementor-image-box-img\"><img width=\"1518\" height=\"2048\" src=\"https:\/\/ksp.ffzg.unizg.hr\/wp-content\/uploads\/2025\/09\/Ema_KSP.jpg\" class=\"attachment-full size-full\" alt=\"\" loading=\"lazy\" \/><\/figure><div class=\"elementor-image-box-content\"><h3 class=\"elementor-image-box-title\">Ema Naki\u0107<\/h3><p class=\"elementor-image-box-description\"><b style=\"font-size: 15px; color: #972529\"><p>Zamjenica Predsjednice<\/p><\/b>\n<span style=\"color: rgb(171, 171, 171); font-size: 11pt; line-height: 15.6933px; font-family: Calibri, sans-serif;\"> <\/span><span style=\"color: rgb(171, 171, 171);\"><\/span><\/p><\/div><\/div>\t\t<\/div>\n\t\t\t\t<\/div>\n\t\t\t\t\t<\/div>\n\t\t<\/div>\n\t\t\t\t<div class=\"elementor-column elementor-col-33 elementor-top-column elementor-element elementor-element-594c0c6\" data-id=\"594c0c6\" data-element_type=\"column\">\n\t\t\t<div class=\"elementor-widget-wrap elementor-element-populated\">\n\t\t\t\t\t\t\t\t<div class=\"elementor-element elementor-element-f915ac1 elementor-position-top elementor-vertical-align-top elementor-widget elementor-widget-image-box\" data-id=\"f915ac1\" data-element_type=\"widget\" data-widget_type=\"image-box.default\">\n\t\t\t\t<div class=\"elementor-widget-container\">\n\t\t\t<div class=\"elementor-image-box-wrapper\"><figure class=\"elementor-image-box-img\"><img width=\"1536\" height=\"2048\" src=\"https:\/\/ksp.ffzg.unizg.hr\/wp-content\/uploads\/2025\/09\/KSP_Paola-1.jpeg\" class=\"attachment-full size-full\" alt=\"\" loading=\"lazy\" \/><\/figure><div class=\"elementor-image-box-content\"><h3 class=\"elementor-image-box-title\">Paola Bi\u0161kup<\/h3><p class=\"elementor-image-box-description\"><b style=\"font-size: 15px; color: #972529\"><p>Tajnica<\/p><\/b>\n<span style=\"color: rgb(171, 171, 171); font-size: 11pt; line-height: 15.6933px; font-family: Calibri, sans-serif;\"> Libraries were full of ideas - perhaps the most dangerous and powerful of all weapons. <\/span><span style=\"color: rgb(171, 171, 171);\"><\/span><\/p><\/div><\/div>\t\t<\/div>\n\t\t\t\t<\/div>\n\t\t\t\t\t<\/div>\n\t\t<\/div>\n\t\t\t\t\t\t\t<\/div>\n\t\t<\/section>\n\t\t\t\t<section class=\"elementor-section elementor-top-section elementor-element elementor-element-22c38b8 elementor-section-boxed elementor-section-height-default elementor-section-height-default\" data-id=\"22c38b8\" data-element_type=\"section\">\n\t\t\t\t\t\t<div class=\"elementor-container elementor-column-gap-default\">\n\t\t\t\t\t<div class=\"elementor-column elementor-col-25 elementor-top-column elementor-element elementor-element-c38a905\" data-id=\"c38a905\" data-element_type=\"column\">\n\t\t\t<div class=\"elementor-widget-wrap elementor-element-populated\">\n\t\t\t\t\t\t\t\t<div class=\"elementor-element elementor-element-814e15b elementor-position-top elementor-vertical-align-top elementor-widget elementor-widget-image-box\" data-id=\"814e15b\" data-element_type=\"widget\" data-widget_type=\"image-box.default\">\n\t\t\t\t<div class=\"elementor-widget-container\">\n\t\t\t<div class=\"elementor-image-box-wrapper\"><figure class=\"elementor-image-box-img\"><img width=\"150\" height=\"150\" src=\"https:\/\/ksp.ffzg.unizg.hr\/wp-content\/uploads\/2022\/08\/Petra-Trsek-150x150.jpg\" class=\"attachment-thumbnail size-thumbnail\" alt=\"\" loading=\"lazy\" \/><\/figure><div class=\"elementor-image-box-content\"><h3 class=\"elementor-image-box-title\">Petra Tr\u0161ek<\/h3><p class=\"elementor-image-box-description\"><span style=\"color: rgb(171, 171, 171); font-size: 11pt; line-height: 15.6933px; font-family: Calibri, sans-serif;\">Bude bilo sve ok<\/span><span style=\"color: rgb(171, 171, 171);\"><\/span><\/p><\/div><\/div>\t\t<\/div>\n\t\t\t\t<\/div>\n\t\t\t\t\t<\/div>\n\t\t<\/div>\n\t\t\t\t<div class=\"elementor-column elementor-col-25 elementor-top-column elementor-element elementor-element-0791b77\" data-id=\"0791b77\" data-element_type=\"column\">\n\t\t\t<div class=\"elementor-widget-wrap elementor-element-populated\">\n\t\t\t\t\t\t\t\t<div class=\"elementor-element elementor-element-db48902 elementor-position-top elementor-vertical-align-top elementor-widget elementor-widget-image-box\" data-id=\"db48902\" data-element_type=\"widget\" data-widget_type=\"image-box.default\">\n\t\t\t\t<div class=\"elementor-widget-container\">\n\t\t\t<div class=\"elementor-image-box-wrapper\"><figure class=\"elementor-image-box-img\"><img width=\"150\" height=\"150\" src=\"https:\/\/ksp.ffzg.unizg.hr\/wp-content\/uploads\/2022\/08\/Jurica-Cehok-150x150.jpg\" class=\"attachment-thumbnail size-thumbnail\" alt=\"\" loading=\"lazy\" \/><\/figure><div class=\"elementor-image-box-content\"><h3 class=\"elementor-image-box-title\">Jurica \u010cehok<\/h3><p class=\"elementor-image-box-description\"><span style=\"font-size:11.0pt;line-height:107%;\nfont-family:&quot;Calibri&quot;,sans-serif;mso-ascii-theme-font:minor-latin;mso-fareast-font-family:\nCalibri;mso-fareast-theme-font:minor-latin;mso-hansi-theme-font:minor-latin;\nmso-bidi-theme-font:minor-latin;mso-ansi-language:HR;mso-fareast-language:EN-US;\nmso-bidi-language:AR-SA\">Pametna osoba ima planove, glupa samo pri\u010de. <\/span><\/p><\/div><\/div>\t\t<\/div>\n\t\t\t\t<\/div>\n\t\t\t\t\t<\/div>\n\t\t<\/div>\n\t\t\t\t<div class=\"elementor-column elementor-col-25 elementor-top-column elementor-element elementor-element-d3392ea\" data-id=\"d3392ea\" data-element_type=\"column\">\n\t\t\t<div class=\"elementor-widget-wrap elementor-element-populated\">\n\t\t\t\t\t\t\t\t<div class=\"elementor-element elementor-element-c3abb0c elementor-position-top elementor-vertical-align-top elementor-widget elementor-widget-image-box\" data-id=\"c3abb0c\" data-element_type=\"widget\" data-widget_type=\"image-box.default\">\n\t\t\t\t<div class=\"elementor-widget-container\">\n\t\t\t<div class=\"elementor-image-box-wrapper\"><figure class=\"elementor-image-box-img\"><img width=\"150\" height=\"150\" src=\"https:\/\/ksp.ffzg.unizg.hr\/wp-content\/uploads\/2022\/08\/Eugen-Evacic-150x150.jpg\" class=\"attachment-thumbnail size-thumbnail\" alt=\"\" loading=\"lazy\" \/><\/figure><div class=\"elementor-image-box-content\"><h3 class=\"elementor-image-box-title\">Eugen Eva\u010di\u0107<\/h3><p class=\"elementor-image-box-description\"><span style=\"font-size: 11pt; line-height: 15.6933px; font-family: Calibri, sans-serif;\">Nije u \u0161oldima sve, al\u2019 neka ih tu kraj mene. (Djevoj\u010dica koju \u010duvam, 4. godine)<\/span><\/p><\/div><\/div>\t\t<\/div>\n\t\t\t\t<\/div>\n\t\t\t\t\t<\/div>\n\t\t<\/div>\n\t\t\t\t<div class=\"elementor-column elementor-col-25 elementor-top-column elementor-element elementor-element-08d856c\" data-id=\"08d856c\" data-element_type=\"column\">\n\t\t\t<div class=\"elementor-widget-wrap elementor-element-populated\">\n\t\t\t\t\t\t\t\t<div class=\"elementor-element elementor-element-10cb4d9 elementor-position-top elementor-vertical-align-top elementor-widget elementor-widget-image-box\" data-id=\"10cb4d9\" data-element_type=\"widget\" data-widget_type=\"image-box.default\">\n\t\t\t\t<div class=\"elementor-widget-container\">\n\t\t\t<div class=\"elementor-image-box-wrapper\"><figure class=\"elementor-image-box-img\"><img width=\"150\" height=\"150\" src=\"https:\/\/ksp.ffzg.unizg.hr\/wp-content\/uploads\/2022\/08\/Ena-Andruza-150x150.jpg\" class=\"attachment-thumbnail size-thumbnail\" alt=\"\" loading=\"lazy\" \/><\/figure><div class=\"elementor-image-box-content\"><h3 class=\"elementor-image-box-title\">Ena Andruza<\/h3><p class=\"elementor-image-box-description\"><span style=\"color: rgb(171, 171, 171); font-size: 11pt; line-height: 15.6933px; font-family: Calibri, sans-serif;\">Great things never came from comfort zones.<\/span><span style=\"color: rgb(171, 171, 171); font-family: &quot;Roboto Slab&quot;, sans-serif;\"><\/span><\/p><\/div><\/div>\t\t<\/div>\n\t\t\t\t<\/div>\n\t\t\t\t\t<\/div>\n\t\t<\/div>\n\t\t\t\t\t\t\t<\/div>\n\t\t<\/section>\n\t\t\t\t<section class=\"elementor-section elementor-top-section elementor-element elementor-element-96d8b3c elementor-section-boxed elementor-section-height-default elementor-section-height-default\" data-id=\"96d8b3c\" data-element_type=\"section\">\n\t\t\t\t\t\t<div class=\"elementor-container elementor-column-gap-default\">\n\t\t\t\t\t<div class=\"elementor-column elementor-col-25 elementor-top-column elementor-element elementor-element-f61449a\" data-id=\"f61449a\" data-element_type=\"column\">\n\t\t\t<div class=\"elementor-widget-wrap elementor-element-populated\">\n\t\t\t\t\t\t\t\t<div class=\"elementor-element elementor-element-849d6e0 elementor-position-top elementor-vertical-align-top elementor-widget elementor-widget-image-box\" data-id=\"849d6e0\" data-element_type=\"widget\" data-widget_type=\"image-box.default\">\n\t\t\t\t<div class=\"elementor-widget-container\">\n\t\t\t<div class=\"elementor-image-box-wrapper\"><figure class=\"elementor-image-box-img\"><img width=\"150\" height=\"150\" src=\"https:\/\/ksp.ffzg.unizg.hr\/wp-content\/uploads\/2023\/01\/Samuela-Matsumoto-Segota-150x150.jpeg\" class=\"attachment-thumbnail size-thumbnail\" alt=\"\" loading=\"lazy\" \/><\/figure><div class=\"elementor-image-box-content\"><h3 class=\"elementor-image-box-title\">Samuela Matsumoto \u0160egota<\/h3><p class=\"elementor-image-box-description\"><span style=\"color: rgb(171, 171, 171); font-size: 11pt; line-height: 15.6933px; font-family: Calibri, sans-serif;\">Not all treasure is silver and gold...<\/span><span style=\"color: rgb(171, 171, 171); font-family: &quot;Roboto Slab&quot;, sans-serif;\"><\/span><\/p><\/div><\/div>\t\t<\/div>\n\t\t\t\t<\/div>\n\t\t\t\t\t<\/div>\n\t\t<\/div>\n\t\t\t\t<div class=\"elementor-column elementor-col-25 elementor-top-column elementor-element elementor-element-34219df\" data-id=\"34219df\" data-element_type=\"column\">\n\t\t\t<div class=\"elementor-widget-wrap elementor-element-populated\">\n\t\t\t\t\t\t\t\t<div class=\"elementor-element elementor-element-58eb26f elementor-position-top elementor-vertical-align-top elementor-widget elementor-widget-image-box\" data-id=\"58eb26f\" data-element_type=\"widget\" data-widget_type=\"image-box.default\">\n\t\t\t\t<div class=\"elementor-widget-container\">\n\t\t\t<div class=\"elementor-image-box-wrapper\"><figure class=\"elementor-image-box-img\"><img width=\"150\" height=\"150\" src=\"https:\/\/ksp.ffzg.unizg.hr\/wp-content\/uploads\/2023\/01\/Noemi-Spehar-150x150.jpeg\" class=\"attachment-thumbnail size-thumbnail\" alt=\"\" loading=\"lazy\" \/><\/figure><div class=\"elementor-image-box-content\"><h3 class=\"elementor-image-box-title\">Noemi \u0160pehar<\/h3><p class=\"elementor-image-box-description\"><span style=\"color: rgb(171, 171, 171); font-size: 11pt; line-height: 15.6933px; font-family: Calibri, sans-serif;\">Kad volimo, uvijek se trudimo postati bolji nego \u0161to jesmo. Kad se trudimo postati bolji \nnego \u0161to jesmo i sve oko nas postaje bolje.<\/span><span style=\"color: rgb(171, 171, 171); font-family: &quot;Roboto Slab&quot;, sans-serif;\"><\/span><\/p><\/div><\/div>\t\t<\/div>\n\t\t\t\t<\/div>\n\t\t\t\t\t<\/div>\n\t\t<\/div>\n\t\t\t\t<div class=\"elementor-column elementor-col-25 elementor-top-column elementor-element elementor-element-c0b23d7\" data-id=\"c0b23d7\" data-element_type=\"column\">\n\t\t\t<div class=\"elementor-widget-wrap elementor-element-populated\">\n\t\t\t\t\t\t\t\t<div class=\"elementor-element elementor-element-a9beabd elementor-position-top elementor-vertical-align-top elementor-widget elementor-widget-image-box\" data-id=\"a9beabd\" data-element_type=\"widget\" data-widget_type=\"image-box.default\">\n\t\t\t\t<div class=\"elementor-widget-container\">\n\t\t\t<div class=\"elementor-image-box-wrapper\"><figure class=\"elementor-image-box-img\"><img width=\"150\" height=\"150\" src=\"https:\/\/ksp.ffzg.unizg.hr\/wp-content\/uploads\/2022\/08\/Marta-Mikacinic-150x150.jpg\" class=\"attachment-thumbnail size-thumbnail\" alt=\"\" loading=\"lazy\" \/><\/figure><div class=\"elementor-image-box-content\"><h3 class=\"elementor-image-box-title\">Marta Mikacini\u0107<\/h3><p class=\"elementor-image-box-description\"><span style=\"color: rgb(171, 171, 171); font-size: 11pt; line-height: 15.6933px; font-family: Calibri, sans-serif;\">Imaj strpljenja! Sve stvari su te\u0161ke prije nego \u0161to postanu lake.<\/span><span style=\"color: rgb(171, 171, 171); font-family: &quot;Roboto Slab&quot;, sans-serif;\"><\/span><\/p><\/div><\/div>\t\t<\/div>\n\t\t\t\t<\/div>\n\t\t\t\t\t<\/div>\n\t\t<\/div>\n\t\t\t\t<div class=\"elementor-column elementor-col-25 elementor-top-column elementor-element elementor-element-b823c96\" data-id=\"b823c96\" data-element_type=\"column\">\n\t\t\t<div class=\"elementor-widget-wrap elementor-element-populated\">\n\t\t\t\t\t\t\t\t<div class=\"elementor-element elementor-element-3369a7b elementor-position-top elementor-vertical-align-top elementor-widget elementor-widget-image-box\" data-id=\"3369a7b\" data-element_type=\"widget\" data-widget_type=\"image-box.default\">\n\t\t\t\t<div class=\"elementor-widget-container\">\n\t\t\t<div class=\"elementor-image-box-wrapper\"><figure class=\"elementor-image-box-img\"><img width=\"150\" height=\"150\" src=\"https:\/\/ksp.ffzg.unizg.hr\/wp-content\/uploads\/2023\/01\/Filip-Brezak-150x150.jpeg\" class=\"attachment-thumbnail size-thumbnail\" alt=\"\" loading=\"lazy\" \/><\/figure><div class=\"elementor-image-box-content\"><h3 class=\"elementor-image-box-title\">Filip Brezak<\/h3><p class=\"elementor-image-box-description\"><span style=\"color: rgb(171, 171, 171); font-size: 11pt; line-height: 15.6933px; font-family: Calibri, sans-serif;\">Do\u0161el bum doma, sel si bum pod brajde.<\/span><span style=\"color: rgb(171, 171, 171); font-family: &quot;Roboto Slab&quot;, sans-serif;\"><\/span><\/p><\/div><\/div>\t\t<\/div>\n\t\t\t\t<\/div>\n\t\t\t\t\t<\/div>\n\t\t<\/div>\n\t\t\t\t\t\t\t<\/div>\n\t\t<\/section>\n\t\t\t\t<section class=\"elementor-section elementor-top-section elementor-element elementor-element-6d20696 elementor-section-boxed elementor-section-height-default elementor-section-height-default\" data-id=\"6d20696\" data-element_type=\"section\">\n\t\t\t\t\t\t<div class=\"elementor-container elementor-column-gap-default\">\n\t\t\t\t\t<div class=\"elementor-column elementor-col-33 elementor-top-column elementor-element elementor-element-dacd1be\" data-id=\"dacd1be\" data-element_type=\"column\">\n\t\t\t<div class=\"elementor-widget-wrap\">\n\t\t\t\t\t\t\t\t\t<\/div>\n\t\t<\/div>\n\t\t\t\t<div class=\"elementor-column elementor-col-33 elementor-top-column elementor-element elementor-element-2b88b2f\" data-id=\"2b88b2f\" data-element_type=\"column\">\n\t\t\t<div class=\"elementor-widget-wrap\">\n\t\t\t\t\t\t\t\t\t<\/div>\n\t\t<\/div>\n\t\t\t\t<div class=\"elementor-column elementor-col-33 elementor-top-column elementor-element elementor-element-db70682\" data-id=\"db70682\" data-element_type=\"column\">\n\t\t\t<div class=\"elementor-widget-wrap\">\n\t\t\t\t\t\t\t\t\t<\/div>\n\t\t<\/div>\n\t\t\t\t\t\t\t<\/div>\n\t\t<\/section>\n\t\t\t\t<section class=\"elementor-section elementor-top-section elementor-element elementor-element-b6ef3f7 elementor-section-boxed elementor-section-height-default elementor-section-height-default\" data-id=\"b6ef3f7\" data-element_type=\"section\">\n\t\t\t\t\t\t<div class=\"elementor-container elementor-column-gap-default\">\n\t\t\t\t\t<div class=\"elementor-column elementor-col-33 elementor-top-column elementor-element elementor-element-1e8a45d\" data-id=\"1e8a45d\" data-element_type=\"column\">\n\t\t\t<div class=\"elementor-widget-wrap elementor-element-populated\">\n\t\t\t\t\t\t\t\t<div class=\"elementor-element elementor-element-5e01a3c elementor-position-top elementor-vertical-align-top elementor-widget elementor-widget-image-box\" data-id=\"5e01a3c\" data-element_type=\"widget\" data-widget_type=\"image-box.default\">\n\t\t\t\t<div class=\"elementor-widget-container\">\n\t\t\t<div class=\"elementor-image-box-wrapper\"><figure class=\"elementor-image-box-img\"><img width=\"150\" height=\"150\" src=\"https:\/\/ksp.ffzg.unizg.hr\/wp-content\/uploads\/2023\/01\/Ivan-Fran-Gugic-1-150x150.jpeg\" class=\"attachment-thumbnail size-thumbnail\" alt=\"\" loading=\"lazy\" \/><\/figure><div class=\"elementor-image-box-content\"><h3 class=\"elementor-image-box-title\">Ivan Fran Gugi\u0107<\/h3><p class=\"elementor-image-box-description\"><span style=\"color: rgb(171, 171, 171); font-size: 11pt; line-height: 15.6933px; font-family: Calibri, sans-serif;\">Gdje ima volje, ima i na\u010dina.<\/span><span style=\"color: rgb(171, 171, 171); font-family: &quot;Roboto Slab&quot;, sans-serif;\"><\/span><\/p><\/div><\/div>\t\t<\/div>\n\t\t\t\t<\/div>\n\t\t\t\t\t<\/div>\n\t\t<\/div>\n\t\t\t\t<div class=\"elementor-column elementor-col-33 elementor-top-column elementor-element elementor-element-aab5368\" data-id=\"aab5368\" data-element_type=\"column\">\n\t\t\t<div class=\"elementor-widget-wrap elementor-element-populated\">\n\t\t\t\t\t\t\t\t<div class=\"elementor-element elementor-element-64145a7 elementor-position-top elementor-vertical-align-top elementor-widget elementor-widget-image-box\" data-id=\"64145a7\" data-element_type=\"widget\" data-widget_type=\"image-box.default\">\n\t\t\t\t<div class=\"elementor-widget-container\">\n\t\t\t<div class=\"elementor-image-box-wrapper\"><figure class=\"elementor-image-box-img\"><img width=\"150\" height=\"150\" src=\"https:\/\/ksp.ffzg.unizg.hr\/wp-content\/uploads\/2023\/01\/Bruna-Kovacevic-150x150.jpeg\" class=\"attachment-thumbnail size-thumbnail\" alt=\"\" loading=\"lazy\" \/><\/figure><div class=\"elementor-image-box-content\"><h3 class=\"elementor-image-box-title\">Bruna Kova\u010devi\u0107<\/h3><p class=\"elementor-image-box-description\"><span style=\"color: rgb(171, 171, 171); font-size: 11pt; line-height: 15.6933px; font-family: Calibri, sans-serif;\">Igraj svoju igru.<\/span><span style=\"color: rgb(171, 171, 171); font-family: &quot;Roboto Slab&quot;, sans-serif;\"><\/span><\/p><\/div><\/div>\t\t<\/div>\n\t\t\t\t<\/div>\n\t\t\t\t\t<\/div>\n\t\t<\/div>\n\t\t\t\t<div class=\"elementor-column elementor-col-33 elementor-top-column elementor-element elementor-element-2b57efe\" data-id=\"2b57efe\" data-element_type=\"column\">\n\t\t\t<div class=\"elementor-widget-wrap elementor-element-populated\">\n\t\t\t\t\t\t\t\t<div class=\"elementor-element elementor-element-9581866 elementor-position-top elementor-vertical-align-top elementor-widget elementor-widget-image-box\" data-id=\"9581866\" data-element_type=\"widget\" data-widget_type=\"image-box.default\">\n\t\t\t\t<div class=\"elementor-widget-container\">\n\t\t\t<div class=\"elementor-image-box-wrapper\"><figure class=\"elementor-image-box-img\"><img width=\"150\" height=\"150\" src=\"https:\/\/ksp.ffzg.unizg.hr\/wp-content\/uploads\/2023\/01\/Dorotea-Belacic-150x150.jpeg\" class=\"attachment-thumbnail size-thumbnail\" alt=\"\" loading=\"lazy\" \/><\/figure><div class=\"elementor-image-box-content\"><h3 class=\"elementor-image-box-title\">Dorotea Bela\u010di\u0107<\/h3><p class=\"elementor-image-box-description\"><span style=\"color: rgb(171, 171, 171); font-size: 11pt; line-height: 15.6933px; font-family: Calibri, sans-serif;\">Work hard in silence, let success make the noise. <\/span><span style=\"color: rgb(171, 171, 171); font-family: &quot;Roboto Slab&quot;, sans-serif;\"><\/span><\/p><\/div><\/div>\t\t<\/div>\n\t\t\t\t<\/div>\n\t\t\t\t\t<\/div>\n\t\t<\/div>\n\t\t\t\t\t\t\t<\/div>\n\t\t<\/section>\n\t\t\t\t\t\t\t<\/div>\n\t\t","protected":false},"excerpt":{"rendered":"<p>Viktoria Ulamec Predsjednica To the world we dream about, and the one we live in now.. Ema Naki\u0107 Zamjenica Predsjednice Paola Bi\u0161kup Tajnica Libraries were full of ideas &#8211; perhaps the most dangerous and powerful of all weapons. Petra Tr\u0161ek Bude bilo sve ok Jurica \u010cehok Pametna osoba ima planove, [&hellip;]<\/p>\n","protected":false},"author":2,"featured_media":0,"parent":0,"menu_order":0,"comment_status":"closed","ping_status":"closed","template":"","meta":[],"_links":{"self":[{"href":"https:\/\/ksp.ffzg.unizg.hr\/index.php\/wp-json\/wp\/v2\/pages\/511"}],"collection":[{"href":"https:\/\/ksp.ffzg.unizg.hr\/index.php\/wp-json\/wp\/v2\/pages"}],"about":[{"href":"https:\/\/ksp.ffzg.unizg.hr\/index.php\/wp-json\/wp\/v2\/types\/page"}],"author":[{"embeddable":true,"href":"https:\/\/ksp.ffzg.unizg.hr\/index.php\/wp-json\/wp\/v2\/users\/2"}],"replies":[{"embeddable":true,"href":"https:\/\/ksp.ffzg.unizg.hr\/index.php\/wp-json\/wp\/v2\/comments?post=511"}],"version-history":[{"count":62,"href":"https:\/\/ksp.ffzg.unizg.hr\/index.php\/wp-json\/wp\/v2\/pages\/511\/revisions"}],"predecessor-version":[{"id":1059,"href":"https:\/\/ksp.ffzg.unizg.hr\/index.php\/wp-json\/wp\/v2\/pages\/511\/revisions\/1059"}],"wp:attachment":[{"href":"https:\/\/ksp.ffzg.unizg.hr\/index.php\/wp-json\/wp\/v2\/media?parent=511"}],"curies":[{"name":"wp","href":"https:\/\/api.w.org\/{rel}","templated":true}]}}