{"id":54,"date":"2020-04-05T21:50:02","date_gmt":"2020-04-05T20:50:02","guid":{"rendered":"https:\/\/ksp.ffzg.unizg.hr\/?page_id=54"},"modified":"2022-09-06T18:08:14","modified_gmt":"2022-09-06T17:08:14","slug":"o-nama","status":"publish","type":"page","link":"https:\/\/ksp.ffzg.unizg.hr\/index.php\/o-nama\/","title":{"rendered":"O nama"},"content":{"rendered":"\t\t<div data-elementor-type=\"wp-page\" data-elementor-id=\"54\" class=\"elementor elementor-54\">\n\t\t\t\t\t\t\t\t\t<section class=\"elementor-section elementor-top-section elementor-element elementor-element-60a7f255 elementor-section-boxed elementor-section-height-default elementor-section-height-default\" data-id=\"60a7f255\" data-element_type=\"section\">\n\t\t\t\t\t\t<div class=\"elementor-container elementor-column-gap-default\">\n\t\t\t\t\t<div class=\"elementor-column elementor-col-100 elementor-top-column elementor-element elementor-element-335b7f00\" data-id=\"335b7f00\" data-element_type=\"column\">\n\t\t\t<div class=\"elementor-widget-wrap elementor-element-populated\">\n\t\t\t\t\t\t\t\t<div class=\"elementor-element elementor-element-5440390c elementor-widget elementor-widget-text-editor\" data-id=\"5440390c\" data-element_type=\"widget\" data-widget_type=\"text-editor.default\">\n\t\t\t\t<div class=\"elementor-widget-container\">\n\t\t\t<style>\/*! elementor - v3.7.1 - 14-08-2022 *\/\n.elementor-widget-text-editor.elementor-drop-cap-view-stacked .elementor-drop-cap{background-color:#818a91;color:#fff}.elementor-widget-text-editor.elementor-drop-cap-view-framed .elementor-drop-cap{color:#818a91;border:3px solid;background-color:transparent}.elementor-widget-text-editor:not(.elementor-drop-cap-view-default) .elementor-drop-cap{margin-top:8px}.elementor-widget-text-editor:not(.elementor-drop-cap-view-default) .elementor-drop-cap-letter{width:1em;height:1em}.elementor-widget-text-editor .elementor-drop-cap{float:left;text-align:center;line-height:1;font-size:50px}.elementor-widget-text-editor .elementor-drop-cap-letter{display:inline-block}<\/style>\t\t\t\t<p><!-- wp:paragraph --><\/p>\n<p>Klub studenata pedagogije Filozofskog fakulteta u Zagrebu je studentska udruga osnovana 2018. godine od strane studenata pedagogije s ciljem promicanja interesa studenata. Klub \u010dini skupina ambicioznih i svestranih studenata pedagogije koji svojim radom \u017eele pobolj\u0161ati iskustvo studiranja pedagogije, omogu\u0107iti povezivanje studenata, promicati pedagogiju kao struku te promovirati stvarala\u0161tvo studenata. Svrha Kluba jest stvaranje zajednice te organiziranje aktivnosti koje studentima daju priliku za stjecanje novih iskustava i znanja te razvoj stru\u010dnih, profesionalnih i organizacijskih kompetencija. U svome radu Klub provodi program mentorstva za bruco\u0161e, organizira razli\u010dita formalna i neformalna dru\u017eenja, predavanja i radionice, snima podcast Crtice iz prakse, provodi radionice u odgojno-obrazovnim ustanovama, izra\u0111uje edukativni sadr\u017eaj za dru\u0161tvene mre\u017ee, organizira i provodi razli\u010dite projekte, nudi svim studentima pedagogije pomo\u0107, savjete, informacije i podr\u0161ku prilikom studiranja. <\/p>\n<p><!-- \/wp:paragraph --><\/p>\t\t\t\t\t\t<\/div>\n\t\t\t\t<\/div>\n\t\t\t\t\t<\/div>\n\t\t<\/div>\n\t\t\t\t\t\t\t<\/div>\n\t\t<\/section>\n\t\t\t\t\t\t\t<\/div>\n\t\t","protected":false},"excerpt":{"rendered":"<p>Klub studenata pedagogije Filozofskog fakulteta u Zagrebu je studentska udruga osnovana 2018. godine od strane studenata pedagogije s ciljem promicanja interesa studenata. Klub \u010dini skupina ambicioznih i svestranih studenata pedagogije koji svojim radom \u017eele pobolj\u0161ati iskustvo studiranja pedagogije, omogu\u0107iti povezivanje studenata, promicati pedagogiju kao struku te promovirati stvarala\u0161tvo studenata. Svrha [&hellip;]<\/p>\n","protected":false},"author":2,"featured_media":0,"parent":0,"menu_order":0,"comment_status":"closed","ping_status":"closed","template":"","meta":[],"_links":{"self":[{"href":"https:\/\/ksp.ffzg.unizg.hr\/index.php\/wp-json\/wp\/v2\/pages\/54"}],"collection":[{"href":"https:\/\/ksp.ffzg.unizg.hr\/index.php\/wp-json\/wp\/v2\/pages"}],"about":[{"href":"https:\/\/ksp.ffzg.unizg.hr\/index.php\/wp-json\/wp\/v2\/types\/page"}],"author":[{"embeddable":true,"href":"https:\/\/ksp.ffzg.unizg.hr\/index.php\/wp-json\/wp\/v2\/users\/2"}],"replies":[{"embeddable":true,"href":"https:\/\/ksp.ffzg.unizg.hr\/index.php\/wp-json\/wp\/v2\/comments?post=54"}],"version-history":[{"count":6,"href":"https:\/\/ksp.ffzg.unizg.hr\/index.php\/wp-json\/wp\/v2\/pages\/54\/revisions"}],"predecessor-version":[{"id":723,"href":"https:\/\/ksp.ffzg.unizg.hr\/index.php\/wp-json\/wp\/v2\/pages\/54\/revisions\/723"}],"wp:attachment":[{"href":"https:\/\/ksp.ffzg.unizg.hr\/index.php\/wp-json\/wp\/v2\/media?parent=54"}],"curies":[{"name":"wp","href":"https:\/\/api.w.org\/{rel}","templated":true}]}}