{"id":550,"date":"2022-08-31T13:38:07","date_gmt":"2022-08-31T12:38:07","guid":{"rendered":"https:\/\/ksp.ffzg.unizg.hr\/?page_id=550"},"modified":"2023-01-03T12:08:41","modified_gmt":"2023-01-03T11:08:41","slug":"radne-skupine","status":"publish","type":"page","link":"https:\/\/ksp.ffzg.unizg.hr\/index.php\/radne-skupine\/","title":{"rendered":"Radne skupine"},"content":{"rendered":"\t\t<div data-elementor-type=\"wp-page\" data-elementor-id=\"550\" class=\"elementor elementor-550\">\n\t\t\t\t\t\t\t\t\t<section class=\"elementor-section elementor-top-section elementor-element elementor-element-571394d elementor-section-boxed elementor-section-height-default elementor-section-height-default\" data-id=\"571394d\" data-element_type=\"section\">\n\t\t\t\t\t\t<div class=\"elementor-container elementor-column-gap-default\">\n\t\t\t\t\t<div class=\"elementor-column elementor-col-100 elementor-top-column elementor-element elementor-element-eae4aa5\" data-id=\"eae4aa5\" data-element_type=\"column\">\n\t\t\t<div class=\"elementor-widget-wrap elementor-element-populated\">\n\t\t\t\t\t\t\t\t<div class=\"elementor-element elementor-element-a767a77 elementor-widget elementor-widget-text-editor\" data-id=\"a767a77\" data-element_type=\"widget\" data-widget_type=\"text-editor.default\">\n\t\t\t\t<div class=\"elementor-widget-container\">\n\t\t\t<style>\/*! elementor - v3.7.1 - 14-08-2022 *\/\n.elementor-widget-text-editor.elementor-drop-cap-view-stacked .elementor-drop-cap{background-color:#818a91;color:#fff}.elementor-widget-text-editor.elementor-drop-cap-view-framed .elementor-drop-cap{color:#818a91;border:3px solid;background-color:transparent}.elementor-widget-text-editor:not(.elementor-drop-cap-view-default) .elementor-drop-cap{margin-top:8px}.elementor-widget-text-editor:not(.elementor-drop-cap-view-default) .elementor-drop-cap-letter{width:1em;height:1em}.elementor-widget-text-editor .elementor-drop-cap{float:left;text-align:center;line-height:1;font-size:50px}.elementor-widget-text-editor .elementor-drop-cap-letter{display:inline-block}<\/style>\t\t\t\t<b style=\"color: #972529;\">Radna skupina Promocija (PROMO)<\/b> zadu\u017eena je za promoviranje\naktivnosti Kluba i stvaranje promotivnih sadr\u017eaja za Klub. Promo skupina vodi\nslu\u017ebenu web stranicu Kluba, online kolegije na Omegi, kao i dru\u0161tvene mre\u017ee:\nFacebook i Instagram. Promo skupina zadu\u017eena je za vo\u0111enje KSP Mercha, branding\ni stvaranja vizualnog identiteta te vizuala za Klub i promociju doga\u0111anja u\norganizaciji Kluba. U akademskoj godini 2022.\/2023. skupinu vodi koordinatorica\n<b style=\"color: #972529;\">Tamara \u0160krinjar<\/b>.<br><br>\n\n<b style=\"color: #972529;\">Radna skupina Crtice iz prakse<\/b> nastala je iz potrebe studenata da se pobli\u017ee\nupoznaju s pedago\u0161kom praksom. Vje\u010dito pitanje koje si postavljamo (ili nam ga\npostavljaju) kroz studij jest &#8221;\u0160to radi\npedagog?&#8221;. Uloga studija pedagogije jest da nam pru\u017ei uvid u lepezu\nmogu\u0107nosti koje pedagog mo\u017ee obavljati u odgojno-obrazovnim ustanovama, me\u0111utim\nkonkretni odgovor na samo pitanje moramo stvoriti sami za sebe. I iako smo mi\nsami kreatori na\u0161eg budu\u0107eg zanimanja, neminovna je \u010dinjenica da bi bilo lak\u0161e\nkada bismo bili upoznati sa naucima pedago\u0161kog zanimanja. Iz te \u017eelje da se\nstudentima omogu\u0107i taj uvid te da se, izme\u0111u ostalog, osvijetli gdje sve\npedagozi mogu raditi rodila se ideja Crtica\niz prakse. U akademskoj godini 2022.\/2023. skupinu vodi koordinatorica <b style=\"color: #972529;\">Petra Tr\u0161ek<\/b>.<br><br>\n\n<b style=\"color: #972529;\">Radna skupina Pedago\u0161ke\nve\u010deri<\/b> predstavlja aktivnosti Kluba studenata pedagogije koje su\nfokusirane na neformalna dru\u017eenja \u010dlanova kluba, organiziranje okruglih stolova\nte predstavljanje aktivnosti kluba \u0161iroj javnosti. Cilj Pedago\u0161kih ve\u010deri je\nstvaranje prostora za me\u0111usobno povezivanje i\nupoznavanje studenata pedagogije s razli\u010ditih godina, stvaranje interesa\nza dodatno prou\u010davanje te \u0161irenje pedago\u0161kog znanja, poticanje na razmi\u0161ljanje\ni propitivanje, razmjenjivanje ideja te stvaranje prijateljstava i\nprofesionalnih odnosa. U akademskoj godini 2022.\/2023. skupinu vodi\nkoordinatorica <b style=\"color: #972529;\">Barbara Ki\u0161<\/b>.<br><br>\n\n<b style=\"color: #972529;\">Radna skupina Dru\u0161tvena spajalica<\/b> je\nskupina usmjerena promociji pedago\u0161ke znanosti te, ujedno, osna\u017eivanju \u010dlanova\nradne skupne, studenata pedagogije u prakti\u010dnom radu. Fokus djelovanja Dru\u0161tvene\nspajalice su bruco\u0161i pedagogije, ostali studenti raznih studija te u\u010denici.\nStudentima prve godine preddiplomskog studija pedagogije nastoji olak\u0161ati\nprilagodbu na uloge studenata i studentica, pru\u017eiti uvid u mogu\u0107nosti koje nudi\nfakultet te sam studij s naglaskom na va\u017enost pedago\u0161ke djelatnosti. Na sli\u010dan\nna\u010din, skupina nastoji pribli\u017eiti pedagogiju svim ostalim zainteresiranim\nstudentima i pomo\u0107i im u budu\u0107em odgojno-obrazovnom radu. S druge strane, Dru\u0161tvena\nspajalica bavi se iznimno bitnim temama u \u017eivotu djece i mladih, poput\nprepoznavanja i prevencije nasilja te brige o mentalnom zdravlju, a isto\npoku\u0161ava predstaviti u\u010denicima provedbom ciklusa pedago\u0161kih radionica. U\nakademskoj godini 2022.\/2023. skupinu vodi koordinatorica <b style=\"color: #972529;\">Ena Andruza<\/b>.<br><br>\n\n<b style=\"color: #972529;\">Radna skupina Youth Exchange \u201eIza kulisa\u201c<\/b>\nje zadu\u017eena za planiranje, organiziranje i provo\u0111enje prvog Youth Exchange-a u\nsklopu Erasmus+ programa u Klubu studenata pedagogije. Ova radna skupina\norganizira Youth Exchange projekt u trajanju od 10 dana o rezoluciji konflikata\ni promoviranju metode forum teatra me\u0111u mladima. U akademskoj godini\n2022.\/2023. skupinu vodi koordinatorica <b style=\"color: #972529;\">Karmen\nKova\u010devi\u0107<\/b>.<br><br>\n\n<b style=\"color: #972529;\">Radna skupina Istra\u017eivanja<\/b>\nRadna skupina Istra\u017eivanja predstavlja aktivnosti Kluba studenata pedagogije koja su usmjerene na istra\u017eivanje i prezentaciju tema relevantnih za pove\u0107anje kvalitete studija pedagogije, pove\u0107anje interesa studenata za istra\u017eiva\u010dkim radom te razvoj sposobnosti studenata u istom. U akademskoj godini 2022.\/2023. skupinu vodi koordinator <b style=\"color: #972529;\">Ruben Elenkov<\/b>.\t\t\t\t\t\t<\/div>\n\t\t\t\t<\/div>\n\t\t\t\t\t<\/div>\n\t\t<\/div>\n\t\t\t\t\t\t\t<\/div>\n\t\t<\/section>\n\t\t\t\t\t\t\t<\/div>\n\t\t","protected":false},"excerpt":{"rendered":"<p>Radna skupina Promocija (PROMO) zadu\u017eena je za promoviranje aktivnosti Kluba i stvaranje promotivnih sadr\u017eaja za Klub. Promo skupina vodi slu\u017ebenu web stranicu Kluba, online kolegije na Omegi, kao i dru\u0161tvene mre\u017ee: Facebook i Instagram. Promo skupina zadu\u017eena je za vo\u0111enje KSP Mercha, branding i stvaranja vizualnog identiteta te vizuala za [&hellip;]<\/p>\n","protected":false},"author":2,"featured_media":0,"parent":0,"menu_order":0,"comment_status":"closed","ping_status":"closed","template":"","meta":[],"_links":{"self":[{"href":"https:\/\/ksp.ffzg.unizg.hr\/index.php\/wp-json\/wp\/v2\/pages\/550"}],"collection":[{"href":"https:\/\/ksp.ffzg.unizg.hr\/index.php\/wp-json\/wp\/v2\/pages"}],"about":[{"href":"https:\/\/ksp.ffzg.unizg.hr\/index.php\/wp-json\/wp\/v2\/types\/page"}],"author":[{"embeddable":true,"href":"https:\/\/ksp.ffzg.unizg.hr\/index.php\/wp-json\/wp\/v2\/users\/2"}],"replies":[{"embeddable":true,"href":"https:\/\/ksp.ffzg.unizg.hr\/index.php\/wp-json\/wp\/v2\/comments?post=550"}],"version-history":[{"count":26,"href":"https:\/\/ksp.ffzg.unizg.hr\/index.php\/wp-json\/wp\/v2\/pages\/550\/revisions"}],"predecessor-version":[{"id":835,"href":"https:\/\/ksp.ffzg.unizg.hr\/index.php\/wp-json\/wp\/v2\/pages\/550\/revisions\/835"}],"wp:attachment":[{"href":"https:\/\/ksp.ffzg.unizg.hr\/index.php\/wp-json\/wp\/v2\/media?parent=550"}],"curies":[{"name":"wp","href":"https:\/\/api.w.org\/{rel}","templated":true}]}}