{"id":568,"date":"2022-08-31T16:48:33","date_gmt":"2022-08-31T15:48:33","guid":{"rendered":"https:\/\/ksp.ffzg.unizg.hr\/?page_id=568"},"modified":"2023-07-21T18:18:12","modified_gmt":"2023-07-21T17:18:12","slug":"crtice-iz-prakse","status":"publish","type":"page","link":"https:\/\/ksp.ffzg.unizg.hr\/index.php\/crtice-iz-prakse\/","title":{"rendered":"Crtice iz prakse"},"content":{"rendered":"\t\t<div data-elementor-type=\"wp-page\" data-elementor-id=\"568\" class=\"elementor elementor-568\">\n\t\t\t\t\t\t\t\t\t<section class=\"elementor-section elementor-top-section elementor-element elementor-element-8498a4f elementor-section-boxed elementor-section-height-default elementor-section-height-default\" data-id=\"8498a4f\" data-element_type=\"section\">\n\t\t\t\t\t\t<div class=\"elementor-container elementor-column-gap-default\">\n\t\t\t\t\t<div class=\"elementor-column elementor-col-100 elementor-top-column elementor-element elementor-element-41b1a33\" data-id=\"41b1a33\" data-element_type=\"column\">\n\t\t\t<div class=\"elementor-widget-wrap elementor-element-populated\">\n\t\t\t\t\t\t\t\t<div class=\"elementor-element elementor-element-47b1cad elementor-widget elementor-widget-text-editor\" data-id=\"47b1cad\" data-element_type=\"widget\" data-widget_type=\"text-editor.default\">\n\t\t\t\t<div class=\"elementor-widget-container\">\n\t\t\t<style>\/*! elementor - v3.7.1 - 14-08-2022 *\/\n.elementor-widget-text-editor.elementor-drop-cap-view-stacked .elementor-drop-cap{background-color:#818a91;color:#fff}.elementor-widget-text-editor.elementor-drop-cap-view-framed .elementor-drop-cap{color:#818a91;border:3px solid;background-color:transparent}.elementor-widget-text-editor:not(.elementor-drop-cap-view-default) .elementor-drop-cap{margin-top:8px}.elementor-widget-text-editor:not(.elementor-drop-cap-view-default) .elementor-drop-cap-letter{width:1em;height:1em}.elementor-widget-text-editor .elementor-drop-cap{float:left;text-align:center;line-height:1;font-size:50px}.elementor-widget-text-editor .elementor-drop-cap-letter{display:inline-block}<\/style>\t\t\t\t<p><b style=\"color: #972529;\">Crtice iz prakse<\/b> nastale su iz potrebe studenata da se pobli\u017ee upoznaju s pedago\u0161kom praksom. Vje\u010dito pitanje koje si postavljamo (ili nam ga postavljaju) kroz studij jest &#8221;\u0160to radi pedagog?&#8221;. Uloga studija pedagogije jest da nam pru\u017ei uvid u lepezu mogu\u0107nosti koje pedagog mo\u017ee obavljati u odgojno-obrazovnim ustanovama, me\u0111utim, konkretni odgovor na samo pitanje moramo stvoriti sami za sebe. Iako smo mi sami kreatori na\u0161eg budu\u0107eg zanimanja, neminovna je \u010dinjenica da bi bilo lak\u0161e kada bismo bili upoznati sa naucima pedago\u0161kog zanimanja. Iz \u017eelje da se studentima pedagogije omogu\u0107i taj uvid te da se, izme\u0111u ostalog, osvijetli gdje se sve pedagozi mogu zaposliti rodila se ideja Crtica iz prakse.<\/p><p>Crtice iz prakse su zami\u0161ljene kao opu\u0161teni, iskreni i autenti\u010dni razgovori s na\u0161im kolegama iz prakse u kojima razgovaramo o svim aspektima pedago\u0161kog rada te dublje ulazimo u pri\u010du \u0161to je to zapravo pedago\u0161ki u pedago\u0161kom radu.<\/p><p>Epizode Crtica iz prakse objavljuju se jednom mjese\u010dno na You Tube kanalu udruge.<\/p><p><b style=\"color: #972529;\">Popis dosada\u0161njih epizoda (naslovi):<\/b><br \/>1) Branimira Peni\u0107 \u2013 \u0160to radi pedagog u civilnom sektoru?<\/p><p>2) Branimira Peni\u0107 \u2013 Pedagog kao osoba koja radi s mladima?<\/p><p>3) Petra Habulin \u2013 Volontirati na nacionalnom ESS projektu?<\/p><p>4) Marija Bartulovi\u0107 \u2013 Pedagog kao stru\u010dni radnik?<\/p><p>5) Katarina Toma\u0161evi\u0107 \u2013 \u0160to sve radi pedagog u osnovnoj \u0161koli?<\/p><p>6) Stjepan Dubac \u2013 pedagog u radu s osobama s pote\u0161ko\u0107ama<\/p><p>7) Valentina Gambiro\u017ea Stakovi\u0107 \u2013 pedagog kao zagovara\u010d obrazovnih politika za mlade<\/p><p>8) Maja Jer\u010di\u0107 &#8211; pedagogija u svijetu poduzetni\u0161tva<\/p><p>9) Zvonimir Komar &#8211; Osposobljavanje za pedago\u0161ki takt?<\/p><p>10) \u017deljka Horvati\u0107 &#8211; povratak u pedagogiju nakon 12 godina: pedagog u pred\u0161kolskom odgoju i obrazovanju<\/p><p><a href=\"https:\/\/www.youtube.com\/channel\/UCMkQl-qLUxVCDjlXRokJRUw\" target=\"_blank\" rel=\"noopener\"><b>Kanal <\/b><img loading=\"lazy\" src=\"https:\/\/ksp.ffzg.unizg.hr\/wp-content\/uploads\/2022\/09\/link-3801.png\" alt=\"\" class=\"wp-image-682 alignnone\" width=\"17\" height=\"17\" \/><\/a><br \/><a href=\"https:\/\/www.youtube.com\/watch?v=HMWwRV-MCWQ&amp;t=625s\" target=\"_blank\" rel=\"noopener\"><b>Epizoda <img loading=\"lazy\" src=\"https:\/\/ksp.ffzg.unizg.hr\/wp-content\/uploads\/2022\/09\/link-3801.png\" alt=\"\" class=\"alignnone wp-image-682\" width=\"17\" height=\"17\" \/><\/b><\/a><\/p>\t\t\t\t\t\t<\/div>\n\t\t\t\t<\/div>\n\t\t\t\t\t<\/div>\n\t\t<\/div>\n\t\t\t\t\t\t\t<\/div>\n\t\t<\/section>\n\t\t\t\t\t\t\t<\/div>\n\t\t","protected":false},"excerpt":{"rendered":"<p>Crtice iz prakse nastale su iz potrebe studenata da se pobli\u017ee upoznaju s pedago\u0161kom praksom. Vje\u010dito pitanje koje si postavljamo (ili nam ga postavljaju) kroz studij jest &#8221;\u0160to radi pedagog?&#8221;. Uloga studija pedagogije jest da nam pru\u017ei uvid u lepezu mogu\u0107nosti koje pedagog mo\u017ee obavljati u odgojno-obrazovnim ustanovama, me\u0111utim, konkretni [&hellip;]<\/p>\n","protected":false},"author":2,"featured_media":0,"parent":0,"menu_order":0,"comment_status":"closed","ping_status":"closed","template":"","meta":[],"_links":{"self":[{"href":"https:\/\/ksp.ffzg.unizg.hr\/index.php\/wp-json\/wp\/v2\/pages\/568"}],"collection":[{"href":"https:\/\/ksp.ffzg.unizg.hr\/index.php\/wp-json\/wp\/v2\/pages"}],"about":[{"href":"https:\/\/ksp.ffzg.unizg.hr\/index.php\/wp-json\/wp\/v2\/types\/page"}],"author":[{"embeddable":true,"href":"https:\/\/ksp.ffzg.unizg.hr\/index.php\/wp-json\/wp\/v2\/users\/2"}],"replies":[{"embeddable":true,"href":"https:\/\/ksp.ffzg.unizg.hr\/index.php\/wp-json\/wp\/v2\/comments?post=568"}],"version-history":[{"count":35,"href":"https:\/\/ksp.ffzg.unizg.hr\/index.php\/wp-json\/wp\/v2\/pages\/568\/revisions"}],"predecessor-version":[{"id":935,"href":"https:\/\/ksp.ffzg.unizg.hr\/index.php\/wp-json\/wp\/v2\/pages\/568\/revisions\/935"}],"wp:attachment":[{"href":"https:\/\/ksp.ffzg.unizg.hr\/index.php\/wp-json\/wp\/v2\/media?parent=568"}],"curies":[{"name":"wp","href":"https:\/\/api.w.org\/{rel}","templated":true}]}}