{"id":57,"date":"2020-04-05T21:55:47","date_gmt":"2020-04-05T20:55:47","guid":{"rendered":"https:\/\/ksp.ffzg.unizg.hr\/?page_id=57"},"modified":"2022-09-06T17:52:13","modified_gmt":"2022-09-06T16:52:13","slug":"preporuke","status":"publish","type":"page","link":"https:\/\/ksp.ffzg.unizg.hr\/index.php\/preporuke\/","title":{"rendered":"Korisne informacije"},"content":{"rendered":"\n<p>Klikni za vi\u0161e zanimljivosti! <\/p>\n\n\n\n<p>STUDIRANJE <\/p>\n\n\n\n<ul><li><a rel=\"noreferrer noopener\" href=\"http:\/\/www.unizg.hr\/\" target=\"_blank\">Sveu\u010dili\u0161te u Zagrebu <\/a><\/li><li><a rel=\"noreferrer noopener\" href=\"https:\/\/web2020.ffzg.unizg.hr\/\" target=\"_blank\">Filozofski fakultet u Zagrebu <\/a><\/li><li><a rel=\"noreferrer noopener\" href=\"http:\/\/pedagogija.ffzg.hr\/web-new\/\" target=\"_blank\">Odsjek za pedagogiju <\/a><\/li><li><a rel=\"noreferrer noopener\" href=\"http:\/\/www.sczg.unizg.hr\/\" target=\"_blank\">Studentski centar u Zagrebu <\/a><\/li><li><a rel=\"noreferrer noopener\" href=\"https:\/\/ksiz.ffzg.unizg.hr\/\" target=\"_blank\">Klub studenata informacijskih znanosti <\/a><\/li><li><a rel=\"noreferrer noopener\" href=\"https:\/\/ksff.ffzg.unizg.hr\/\" target=\"_blank\">Klub studenata Filozofskog fakulteta u Zagrebu <\/a><\/li><li><a rel=\"noreferrer noopener\" href=\"http:\/\/szbor.ffzg.unizg.hr\/\" target=\"_blank\">Studentski zbor Filozofskog fakulteta Sveu\u010dili\u0161ta u Zagrebu <\/a><\/li><\/ul>\n\n\n\n<p>SURADNICI KLUBA<\/p>\n\n\n\n<ul><li><a rel=\"noreferrer noopener\" href=\"http:\/\/pedagogija.ffzg.hr\/web-new\/\" target=\"_blank\">Odsjek za pedagogiju<\/a><\/li><li><a rel=\"noreferrer noopener\" href=\"https:\/\/ksiz.ffzg.unizg.hr\/\" target=\"_blank\">Klub studenata informacijskih znanosti<\/a><\/li><li><a rel=\"noreferrer noopener\" href=\"http:\/\/pedagogija.hr\/\" target=\"_blank\">Hrvatsko pedagogijsko dru\u0161tvo<\/a><\/li><li><a rel=\"noreferrer noopener\" href=\"http:\/\/www.iwp.hr\/institut.html\" target=\"_blank\">Institut za waldorfsku pedagogiju<\/a><\/li><\/ul>\n\n\n\n<p>ODGOJ I OBRAZOVANJE <\/p>\n\n\n\n<ul><li><a rel=\"noreferrer noopener\" href=\"http:\/\/pedagogija.hr\/\" target=\"_blank\">Hrvatsko pedagogijsko dru\u0161tvo <\/a><\/li><li><a rel=\"noreferrer noopener\" href=\"http:\/\/www.iwp.hr\/institut.html\" target=\"_blank\">Institut za waldorfsku pedagogiju <\/a><\/li><li><a rel=\"noreferrer noopener\" href=\"http:\/\/www.hrmdrustvo.hr\/montessori_edukacija.html\" target=\"_blank\">Hrvatsko Montessori dru\u0161tvo<\/a><\/li><li><a rel=\"noreferrer noopener\" href=\"https:\/\/www.skolskiportal.hr\/\" target=\"_blank\">\u0160kolski portal <\/a><\/li><li><a rel=\"noreferrer noopener\" href=\"https:\/\/www.facebook.com\/LovePedagogy\/\" target=\"_blank\">Love Pedagogy <\/a><\/li><li><a href=\"http:\/\/www.fso.hr\/?fbclid=IwAR39Lr7J9sp7KUfHxUl8FTBZnLMyadCKtmE4e7NfGWbzBgD7YiAFmWku3P4\" target=\"_blank\" rel=\"noreferrer noopener\">Forum za slobodu odgoja <\/a><\/li><\/ul>\n\n\n\n<p>ZA\u0160TITA PRAVA I PODIZANJE KVALITETE \u017dIVOTA <\/p>\n\n\n\n<ul><li><a rel=\"noreferrer noopener\" href=\"https:\/\/www.poliklinika-djeca.hr\/en\/\" target=\"_blank\">Poliklinika za za\u0161titu djece i mladih Zagreb<\/a><\/li><li><a rel=\"noreferrer noopener\" href=\"https:\/\/hrabritelefon.hr\/\" target=\"_blank\">Hrabri telefon<\/a><\/li><li><a rel=\"noreferrer noopener\" href=\"http:\/\/www.udruga-pragma.hr\/\" target=\"_blank\">Udruga Pragma<\/a><\/li><li><a rel=\"noreferrer noopener\" href=\"http:\/\/zenskasoba.hr\/en\/\" target=\"_blank\">\u017denska soba<\/a><\/li><li><a rel=\"noreferrer noopener\" href=\"http:\/\/cnzd.org\/\" target=\"_blank\">Centar za nestalu i zlostavljanu djecu Osijek<\/a><\/li><li><a rel=\"noreferrer noopener\" href=\"https:\/\/cepn.hr\/\" target=\"_blank\">Centar za edukaciju i prevenciju nasilja<\/a><\/li><li><a rel=\"noreferrer noopener\" href=\"http:\/\/www.cesi.hr\/\" target=\"_blank\">CESI \u2013 Centar za edukaciju, savjetovanje i istra\u017eivanje<\/a><\/li><li><a href=\"https:\/\/www.adopta.hr\/\" target=\"_blank\" rel=\"noreferrer noopener\">Udruga za potporu u posvajanju Adopta<\/a> <\/li><li><a href=\"https:\/\/www.dugineobitelji.com\/\" target=\"_blank\" rel=\"noreferrer noopener\">Udruga Dugine obitelji <\/a><\/li><li><a href=\"https:\/\/krugovi.hr\/\" target=\"_blank\" rel=\"noreferrer noopener\">Krugovi &#8211; Centar za edukaciju, savjetovanje i humanitarno djelovanje <\/a><\/li><\/ul>\n\n\n\n<p>VOLONTIRANJE <\/p>\n\n\n\n<ul><li><a href=\"https:\/\/www.vcz.hr\/\" target=\"_blank\" rel=\"noreferrer noopener\">Volonterski centar Zagreb <\/a><\/li><li><a href=\"https:\/\/www.facebook.com\/areyousyrious\/\" target=\"_blank\" rel=\"noreferrer noopener\">Are You Syrious <\/a><\/li><\/ul>\n\n\n\n<p><\/p>\n","protected":false},"excerpt":{"rendered":"<p>Klikni za vi\u0161e zanimljivosti! STUDIRANJE Sveu\u010dili\u0161te u Zagrebu Filozofski fakultet u Zagrebu Odsjek za pedagogiju Studentski centar u Zagrebu Klub studenata informacijskih znanosti Klub studenata Filozofskog fakulteta u Zagrebu Studentski zbor Filozofskog fakulteta Sveu\u010dili\u0161ta u Zagrebu SURADNICI KLUBA Odsjek za pedagogiju Klub studenata informacijskih znanosti Hrvatsko pedagogijsko dru\u0161tvo Institut za [&hellip;]<\/p>\n","protected":false},"author":2,"featured_media":0,"parent":0,"menu_order":0,"comment_status":"closed","ping_status":"closed","template":"","meta":[],"_links":{"self":[{"href":"https:\/\/ksp.ffzg.unizg.hr\/index.php\/wp-json\/wp\/v2\/pages\/57"}],"collection":[{"href":"https:\/\/ksp.ffzg.unizg.hr\/index.php\/wp-json\/wp\/v2\/pages"}],"about":[{"href":"https:\/\/ksp.ffzg.unizg.hr\/index.php\/wp-json\/wp\/v2\/types\/page"}],"author":[{"embeddable":true,"href":"https:\/\/ksp.ffzg.unizg.hr\/index.php\/wp-json\/wp\/v2\/users\/2"}],"replies":[{"embeddable":true,"href":"https:\/\/ksp.ffzg.unizg.hr\/index.php\/wp-json\/wp\/v2\/comments?post=57"}],"version-history":[{"count":12,"href":"https:\/\/ksp.ffzg.unizg.hr\/index.php\/wp-json\/wp\/v2\/pages\/57\/revisions"}],"predecessor-version":[{"id":710,"href":"https:\/\/ksp.ffzg.unizg.hr\/index.php\/wp-json\/wp\/v2\/pages\/57\/revisions\/710"}],"wp:attachment":[{"href":"https:\/\/ksp.ffzg.unizg.hr\/index.php\/wp-json\/wp\/v2\/media?parent=57"}],"curies":[{"name":"wp","href":"https:\/\/api.w.org\/{rel}","templated":true}]}}