{"id":64,"date":"2020-04-06T10:13:40","date_gmt":"2020-04-06T09:13:40","guid":{"rendered":"https:\/\/ksp.ffzg.unizg.hr\/?page_id=64"},"modified":"2025-07-01T10:36:09","modified_gmt":"2025-07-01T09:36:09","slug":"dokumenti","status":"publish","type":"page","link":"https:\/\/ksp.ffzg.unizg.hr\/index.php\/dokumenti\/","title":{"rendered":"Dokumenti"},"content":{"rendered":"\n<p>Statut Kluba studenata pedagogije Filozofskog fakulteta u Zagrebu<\/p>\n\n\n\n<div class=\"wp-block-file\"><a href=\"https:\/\/ksp.ffzg.unizg.hr\/wp-content\/uploads\/2022\/09\/Statut-KSP-2022.pdf\">Statut<\/a><a href=\"https:\/\/ksp.ffzg.unizg.hr\/wp-content\/uploads\/2022\/09\/Statut-KSP-2022.pdf\" class=\"wp-block-file__button\" download=\"\">Preuzmi<\/a><\/div>\n\n\n\n<div class=\"wp-block-file\"><a href=\"https:\/\/ksp.ffzg.unizg.hr\/wp-content\/uploads\/2023\/05\/2022-12-Financijski-izvjestaj.pdf\">Financijski izvje\u0161taj<\/a><a href=\"https:\/\/ksp.ffzg.unizg.hr\/wp-content\/uploads\/2023\/05\/2022-12-Financijski-izvjestaj.pdf\" class=\"wp-block-file__button\" download=\"\">Preuzmi<\/a><\/div>\n\n\n\n<div class=\"wp-block-file\"><a href=\"https:\/\/ksp.ffzg.unizg.hr\/wp-content\/uploads\/2023\/01\/2022-23-GODISNJI-PLAN-I-PROGRAM-KSP.pdf\">Godi\u0161nji plan i program<\/a><a href=\"https:\/\/ksp.ffzg.unizg.hr\/wp-content\/uploads\/2023\/01\/2022-23-GODISNJI-PLAN-I-PROGRAM-KSP.pdf\" class=\"wp-block-file__button\" download=\"\">Preuzmi<\/a><\/div>\n\n\n\n<div class=\"wp-block-file\"><a href=\"https:\/\/ksp.ffzg.unizg.hr\/wp-content\/uploads\/2022\/10\/Izvjesce-o-radu-21-22.docx\">Izvje\u0161\u0107e o radu<\/a><a href=\"https:\/\/ksp.ffzg.unizg.hr\/wp-content\/uploads\/2022\/10\/Izvjesce-o-radu-21-22.docx\" class=\"wp-block-file__button\" download=\"\">Preuzmi<\/a><\/div>\n\n\n\n<div class=\"wp-block-file\"><a href=\"https:\/\/drive.google.com\/file\/d\/1g9fnc7fg8QWt1NwDtnyzrbnAnrizm5de\/view?usp=sharing\" target=\"_blank\" rel=\"noopener\">Zbornik projekta o pedago\u0161kim radionicama<\/a><a href=\"https:\/\/drive.google.com\/file\/d\/1g9fnc7fg8QWt1NwDtnyzrbnAnrizm5de\/view?usp=sharing\" class=\"wp-block-file__button\" download=\"\" target=\"_blank\" rel=\"noopener\">Preuzmi<\/a><\/div>\n\n\n\n<div class=\"wp-block-file\"><a href=\"https:\/\/ksp.ffzg.unizg.hr\/wp-content\/uploads\/2023\/07\/Suvremena-metoda-rada_izvjestaj-o-projektu-1.pdf\">Suvremena metoda rada &#8211; izvje\u0161taj o projektu<\/a><a href=\"https:\/\/ksp.ffzg.unizg.hr\/wp-content\/uploads\/2023\/07\/Suvremena-metoda-rada_izvjestaj-o-projektu-1.pdf\" class=\"wp-block-file__button\" download>Preuzmi<\/a><\/div>\n\n\n\n<div class=\"wp-block-file\"><a href=\"https:\/\/ksp.ffzg.unizg.hr\/wp-content\/uploads\/2023\/07\/CIP_izvjestaj_popularizacija-znanosti-2022.pdf\">Crtice iz prakse &#8211; popularizacija znanosti&nbsp;2022.<\/a><a href=\"https:\/\/ksp.ffzg.unizg.hr\/wp-content\/uploads\/2023\/07\/CIP_izvjestaj_popularizacija-znanosti-2022.pdf\" class=\"wp-block-file__button\" download>Preuzmi<\/a><\/div>\n\n\n\n<div class=\"wp-block-file\"><a href=\"https:\/\/ksp.ffzg.unizg.hr\/wp-content\/uploads\/2023\/07\/Izvjesce-o-radu-22-23.pdf\">Izvje\u0161\u0107e o radu 2022.\/2023.<\/a><a href=\"https:\/\/ksp.ffzg.unizg.hr\/wp-content\/uploads\/2023\/07\/Izvjesce-o-radu-22-23.pdf\" class=\"wp-block-file__button\" download>Preuzmi<\/a><\/div>\n\n\n\n<div class=\"wp-block-file\"><a href=\"https:\/\/ksp.ffzg.unizg.hr\/wp-content\/uploads\/2023\/12\/ZBORNIK-1.pdf\">Pedago\u0161ka pletenica &#8211; Zbornik radova<\/a><a href=\"https:\/\/ksp.ffzg.unizg.hr\/wp-content\/uploads\/2023\/12\/ZBORNIK-1.pdf\" class=\"wp-block-file__button\" download>Preuzmi<\/a><\/div>\n\n\n\n<div class=\"wp-block-file\"><a href=\"https:\/\/ksp.ffzg.unizg.hr\/wp-content\/uploads\/2025\/07\/Pedagoska-pletenica-Upute-za-pisanje-sazetka.docx\">Pedago\u0161ka pletenica: osna\u017eeni u promjeni &#8211; Upute za pisanje sa\u017eetka<\/a><a href=\"https:\/\/ksp.ffzg.unizg.hr\/wp-content\/uploads\/2025\/07\/Pedagoska-pletenica-Upute-za-pisanje-sazetka.docx\" class=\"wp-block-file__button\" download>Preuzmi<\/a><\/div>\n\n\n\n<div class=\"wp-block-file\"><a href=\"https:\/\/ksp.ffzg.unizg.hr\/wp-content\/uploads\/2025\/07\/Pedagogical-Braid-Instructions-for-abstract-writing.docx\">Pedagogical Braid: Empowered in Change &#8211; Instructions for abstract writing<\/a><a href=\"https:\/\/ksp.ffzg.unizg.hr\/wp-content\/uploads\/2025\/07\/Pedagogical-Braid-Instructions-for-abstract-writing.docx\" class=\"wp-block-file__button\" download>Preuzmi<\/a><\/div>\n","protected":false},"excerpt":{"rendered":"<p>Statut Kluba studenata pedagogije Filozofskog fakulteta u Zagrebu StatutPreuzmi Financijski izvje\u0161tajPreuzmi Godi\u0161nji plan i programPreuzmi Izvje\u0161\u0107e o raduPreuzmi Zbornik projekta o pedago\u0161kim radionicamaPreuzmi<\/p>\n","protected":false},"author":2,"featured_media":0,"parent":0,"menu_order":0,"comment_status":"closed","ping_status":"closed","template":"","meta":[],"_links":{"self":[{"href":"https:\/\/ksp.ffzg.unizg.hr\/index.php\/wp-json\/wp\/v2\/pages\/64"}],"collection":[{"href":"https:\/\/ksp.ffzg.unizg.hr\/index.php\/wp-json\/wp\/v2\/pages"}],"about":[{"href":"https:\/\/ksp.ffzg.unizg.hr\/index.php\/wp-json\/wp\/v2\/types\/page"}],"author":[{"embeddable":true,"href":"https:\/\/ksp.ffzg.unizg.hr\/index.php\/wp-json\/wp\/v2\/users\/2"}],"replies":[{"embeddable":true,"href":"https:\/\/ksp.ffzg.unizg.hr\/index.php\/wp-json\/wp\/v2\/comments?post=64"}],"version-history":[{"count":28,"href":"https:\/\/ksp.ffzg.unizg.hr\/index.php\/wp-json\/wp\/v2\/pages\/64\/revisions"}],"predecessor-version":[{"id":1033,"href":"https:\/\/ksp.ffzg.unizg.hr\/index.php\/wp-json\/wp\/v2\/pages\/64\/revisions\/1033"}],"wp:attachment":[{"href":"https:\/\/ksp.ffzg.unizg.hr\/index.php\/wp-json\/wp\/v2\/media?parent=64"}],"curies":[{"name":"wp","href":"https:\/\/api.w.org\/{rel}","templated":true}]}}