{"id":68,"date":"2020-04-06T10:17:28","date_gmt":"2020-04-06T09:17:28","guid":{"rendered":"https:\/\/ksp.ffzg.unizg.hr\/?page_id=68"},"modified":"2021-05-10T19:48:53","modified_gmt":"2021-05-10T18:48:53","slug":"clanstvo","status":"publish","type":"page","link":"https:\/\/ksp.ffzg.unizg.hr\/index.php\/clanstvo\/","title":{"rendered":"\u010clanstvo"},"content":{"rendered":"\n<p><strong>Tko mo\u017ee biti \u010dlan Kluba? Kako se postaje \u010dlan? \u0160to \u010dlan Kluba radi?<\/strong><\/p>\n\n\n\n<p>Prema \u010clanku 13. Statuta Kluba studenata pedagogije Filozofskog fakulteta u Zagrebu:<\/p>\n\n\n\n<p>\u010clanovi u Klubu dijele se po statusu \u010dlanstva na:<\/p>\n\n\n\n<ol type=\"a\"><li>Redovne \u010dlanove Kluba<\/li><li>Prijatelje Kluba<\/li><\/ol>\n\n\n\n<p>a) <strong>Redovnim \u010dlanom Kluba<\/strong> mogu postati studenti Odsjeka za pedagogiju Filozofskog fakulteta u Zagrebu. Redovnim \u010dlanom kluba postaje se upisom u popis \u010dlanova Kluba i pla\u0107anjem \u010dlanarine u visini koju odredi Skup\u0161tina o \u010demu brigu vodi Tajnik kluba. Redovni \u010dlanovi Kluba sudjeluju u radu Kluba, imaju pravo glasa u Skup\u0161tini te mogu birati i biti birani u tijela Kluba.<\/p>\n\n\n\n<p>b) <strong>Prijateljem Kluba<\/strong> mo\u017ee postati svaka pravna ili fizi\u010dka osoba. Prijateljem kluba postaje se upisom u popis \u010dlanova Kluba o \u010demu brigu vodi Tajnik kluba. Prijatelji Kluba sudjeluju u radu Kluba, no nemaju pravo glasa u Skup\u0161tini te nemaju pravo birati i biti birani u tijela Kluba. Prijatelji Kluba ne pla\u0107aju \u010dlanarinu.<\/p>\n\n\n\n<p>Za vi\u0161e informacija o tome \u0161to i kako radi Klub pogledaj na\u0161 <a href=\"https:\/\/ksp.ffzg.unizg.hr\/index.php\/dokumenti\/\" target=\"_blank\" rel=\"noreferrer noopener\">statut<\/a>. <\/p>\n\n\n\n<p>Sva mogu\u0107a pitanja po\u0161alji na na\u0161u e-mail adresu: <a href=\"mailto:kspfilozofskifakultet@gmail.com\">kspfilozofskifakultet@gmail.com<\/a>.<\/p>\n\n\n\n<h2>Redovni \u010dlanovi KSP-a 2020.\/2021.<\/h2>\n\n\n\n<ol type=\"1\"><li>Filip Bosnar<\/li><li>Nikolina Brcko<\/li><li>Ivan Goleti\u0107<\/li><li>Katja Grabrovec<\/li><li>Ivan Hadeljan<\/li><li>Hana Josi\u0107<\/li><li>Matea Klari\u0107<\/li><li>Karmen Kova\u010devi\u0107<\/li><li>Marija Malenica<\/li><li>Gabrijela Pavkovi\u0107<\/li><li>Lora Pivac<\/li><li>Anton Premec<\/li><li>Ana \u0160estanovi\u0107<\/li><li>Tamara \u0160krinjar<\/li><\/ol>\n","protected":false},"excerpt":{"rendered":"<p>Tko mo\u017ee biti \u010dlan Kluba? Kako se postaje \u010dlan? \u0160to \u010dlan Kluba radi? Prema \u010clanku 13. Statuta Kluba studenata pedagogije Filozofskog fakulteta u Zagrebu: \u010clanovi u Klubu dijele se po statusu \u010dlanstva na: Redovne \u010dlanove Kluba Prijatelje Kluba a) Redovnim \u010dlanom Kluba mogu postati studenti Odsjeka za pedagogiju Filozofskog fakulteta [&hellip;]<\/p>\n","protected":false},"author":2,"featured_media":0,"parent":0,"menu_order":0,"comment_status":"closed","ping_status":"closed","template":"","meta":[],"_links":{"self":[{"href":"https:\/\/ksp.ffzg.unizg.hr\/index.php\/wp-json\/wp\/v2\/pages\/68"}],"collection":[{"href":"https:\/\/ksp.ffzg.unizg.hr\/index.php\/wp-json\/wp\/v2\/pages"}],"about":[{"href":"https:\/\/ksp.ffzg.unizg.hr\/index.php\/wp-json\/wp\/v2\/types\/page"}],"author":[{"embeddable":true,"href":"https:\/\/ksp.ffzg.unizg.hr\/index.php\/wp-json\/wp\/v2\/users\/2"}],"replies":[{"embeddable":true,"href":"https:\/\/ksp.ffzg.unizg.hr\/index.php\/wp-json\/wp\/v2\/comments?post=68"}],"version-history":[{"count":9,"href":"https:\/\/ksp.ffzg.unizg.hr\/index.php\/wp-json\/wp\/v2\/pages\/68\/revisions"}],"predecessor-version":[{"id":313,"href":"https:\/\/ksp.ffzg.unizg.hr\/index.php\/wp-json\/wp\/v2\/pages\/68\/revisions\/313"}],"wp:attachment":[{"href":"https:\/\/ksp.ffzg.unizg.hr\/index.php\/wp-json\/wp\/v2\/media?parent=68"}],"curies":[{"name":"wp","href":"https:\/\/api.w.org\/{rel}","templated":true}]}}