{"id":82,"date":"2020-04-06T11:03:09","date_gmt":"2020-04-06T10:03:09","guid":{"rendered":"https:\/\/ksp.ffzg.unizg.hr\/?page_id=82"},"modified":"2021-08-02T18:09:01","modified_gmt":"2021-08-02T17:09:01","slug":"poziv-za-sudjelovanje","status":"publish","type":"page","link":"https:\/\/ksp.ffzg.unizg.hr\/index.php\/poziv-za-sudjelovanje\/","title":{"rendered":"Poziv za sudjelovanje"},"content":{"rendered":"\n<p class=\"has-text-align-left\">Klub studenata pedagogije Filozofskog fakulteta u Zagrebu poziva vas na sudjelovanje u konferenciji <em><strong>Sutra dolazi danas<\/strong><\/em> koja \u0107e se odr\u017eati <strong>15. i 16. listopada<\/strong> <strong>2021. godine u Zagrebu<\/strong>.<\/p>\n\n\n\n<p class=\"has-text-align-left\">Konferencija je zami\u0161ljena kao odgovor na suvremena pitanja pedagogije, pozicioniranje \u010dovjeka prema pedagogiji i istra\u017eivanje pedago\u0161kih ideja i mogu\u0107nosti te raspravljanje o njima. Ciljevi konferencije su umre\u017eavanje studentskih udruga, klubova i studenata pedagogije te srodnih odgojno-obrazovnih studija kao i ostvarivanje budu\u0107e suradnje \u010dlanova u svrhu promicanja pedago\u0161ke znanosti. Te ciljeve ostvarit \u0107emo poticanjem stvaranja i prikazom znanstveno-istra\u017eiva\u010dkih radova i umjetni\u010dkog stvarala\u0161tva studenata kao i konstruktivnim raspravama i predavanjima kojima \u0107e se nastojati prikazati i predvidjeti smjer kretanja pedagogije kao znanosti u budu\u0107nosti, s osvrtanjem na pro\u0161lost i ono \u0161to se dosad ostvarilo.<\/p>\n\n\n\n<p>Svrha ove konferencije jest poticanje rasprave o predvi\u0111anjima kretanja pedagogije kao znanosti u budu\u0107nosti, ispravno usmjeravanje iste, istra\u017eivanje istra\u017eenih i neistra\u017eenih ideja odgoja i obrazovanja te interdisciplinarno povezivanje vi\u0161e znanstvenih i drugih stru\u010dnih aktera kao i senzibilizacija zainteresirane javnosti.<\/p>\n\n\n\n<p>Konferencija <em>Sutra dolazi danas<\/em> se trebala odr\u017eati pro\u0161le godine, no zbog pandemije, njezino izvo\u0111enje se pomaklo na ove nove datume. Stoga ponovo i objavljujemo ovaj poziv, kako bismo osigurali novim potencijalnim sudionicima priliku za sudjelovanje.&nbsp;Konferenciju \u017eelimo odr\u017eati u\u017eivo, no zbog epidemiolo\u0161kih mjera i dopu\u0161tenja koji \u0107e biti aktualni u listopadu, na\u010din izvo\u0111enje konferencije je podlo\u017ean promjenama. <\/p>\n\n\n\n<p>Pozivamo sve zainteresirane studente da nam se pridru\u017ee! Dva su na\u010dina na koje mo\u017eete sudjelovati na konferenciji&nbsp;<em>Sutra dolazi danas<\/em>: kao&nbsp;<strong>aktivan<\/strong>&nbsp;i kao<strong>&nbsp;pasivan<\/strong>&nbsp;sudionik. <\/p>\n\n\n\n<p>Ako se prijavljujete kao aktivan sudionik, obvezno je u&nbsp;<a rel=\"noreferrer noopener\" href=\"https:\/\/forms.gle\/ANEuZ3w5fjVG2AYX9\" target=\"_blank\"><span class=\"has-inline-color has-vivid-red-color\">prijavi<\/span><\/a>&nbsp;dostaviti svoje sa\u017eetke radova (znanstveno-istra\u017eiva\u010dki ili umjetni\u010dki), no ako \u017eelite sudjelovati pasivno, nije potrebno da nam dostavite svoje radove, ve\u0107 samo osobne podatke.<\/p>\n\n\n\n<p>Ovim pozivom otvaramo natje\u010daj za znanstveno-istra\u017eiva\u010dke i umjetni\u010dke radove studenata. <strong>Rok prijave sa\u017eetaka je 1. rujna 2021. godine. <\/strong><\/p>\n\n\n\n<p>Stoga, klik na <a rel=\"noreferrer noopener\" href=\"https:\/\/forms.gle\/ANEuZ3w5fjVG2AYX9\" target=\"_blank\"><span class=\"has-inline-color has-vivid-red-color\">prijavu<\/span><\/a>! <\/p>\n\n\n\n<p>Vi\u0161e o uputama za pisanje sa\u017eetka pogledajte <a rel=\"noreferrer noopener\" href=\"https:\/\/ksp.ffzg.unizg.hr\/index.php\/upute-za-pisanje-sazetka\/\" target=\"_blank\">ovdje<\/a>. &nbsp;<\/p>\n\n\n\n<p>U izradi va\u0161ih radova, mo\u017ee vam pomo\u0107i <a rel=\"noreferrer noopener\" href=\"https:\/\/ksp.ffzg.unizg.hr\/index.php\/tematske-cjeline\/\" target=\"_blank\">podjela tematskih cjelina<\/a>. <\/p>\n\n\n\n<p>Sva mogu\u0107a pitanja \u0161alju se na e-mail adresu kluba: <a href=\"mailto:kspfilozofskifakultet@gmail.com\">kspfilozofskifakultet@gmail.com<\/a>.<\/p>\n\n\n\n<p>Klub studenata ima ograni\u010dena sredstva, ali odre\u0111enom broju izlaga\u010da i sudionika konferencije financirat \u0107emo smje\u0161taj i obrok. Popis izlaga\u010da i osoba kojima \u0107emo financirati smje\u0161taj i obrok, kao i sve druge relevantne informacije, bit \u0107e objavljeni <strong>15. rujna 2021. godine<\/strong>.<\/p>\n","protected":false},"excerpt":{"rendered":"<p>Klub studenata pedagogije Filozofskog fakulteta u Zagrebu poziva vas na sudjelovanje u konferenciji Sutra dolazi danas koja \u0107e se odr\u017eati 15. i 16. listopada 2021. godine u Zagrebu. Konferencija je zami\u0161ljena kao odgovor na suvremena pitanja pedagogije, pozicioniranje \u010dovjeka prema pedagogiji i istra\u017eivanje pedago\u0161kih ideja i mogu\u0107nosti te raspravljanje o [&hellip;]<\/p>\n","protected":false},"author":2,"featured_media":0,"parent":0,"menu_order":0,"comment_status":"closed","ping_status":"closed","template":"","meta":[],"_links":{"self":[{"href":"https:\/\/ksp.ffzg.unizg.hr\/index.php\/wp-json\/wp\/v2\/pages\/82"}],"collection":[{"href":"https:\/\/ksp.ffzg.unizg.hr\/index.php\/wp-json\/wp\/v2\/pages"}],"about":[{"href":"https:\/\/ksp.ffzg.unizg.hr\/index.php\/wp-json\/wp\/v2\/types\/page"}],"author":[{"embeddable":true,"href":"https:\/\/ksp.ffzg.unizg.hr\/index.php\/wp-json\/wp\/v2\/users\/2"}],"replies":[{"embeddable":true,"href":"https:\/\/ksp.ffzg.unizg.hr\/index.php\/wp-json\/wp\/v2\/comments?post=82"}],"version-history":[{"count":23,"href":"https:\/\/ksp.ffzg.unizg.hr\/index.php\/wp-json\/wp\/v2\/pages\/82\/revisions"}],"predecessor-version":[{"id":349,"href":"https:\/\/ksp.ffzg.unizg.hr\/index.php\/wp-json\/wp\/v2\/pages\/82\/revisions\/349"}],"wp:attachment":[{"href":"https:\/\/ksp.ffzg.unizg.hr\/index.php\/wp-json\/wp\/v2\/media?parent=82"}],"curies":[{"name":"wp","href":"https:\/\/api.w.org\/{rel}","templated":true}]}}