{"id":86,"date":"2020-04-06T11:11:48","date_gmt":"2020-04-06T10:11:48","guid":{"rendered":"https:\/\/ksp.ffzg.unizg.hr\/?page_id=86"},"modified":"2021-08-08T11:40:30","modified_gmt":"2021-08-08T10:40:30","slug":"upute-za-pisanje-sazetka","status":"publish","type":"page","link":"https:\/\/ksp.ffzg.unizg.hr\/index.php\/upute-za-pisanje-sazetka\/","title":{"rendered":"Upute za pisanje sa\u017eetka"},"content":{"rendered":"\n<h2><strong>Znanstveno-istra\u017eiva\u010dki rad:<\/strong><\/h2>\n\n\n\n<ul><li>rad mora biti u formatu Microsoft Word dokumenta (.doc ili .docx)<\/li><li>rad se pi\u0161e u fontu Times New Roman, veli\u010dine fonta 12 (naslovi 14), s obostranim poravnanjem te proredom 1.5, margina 2.5 cm<\/li><li>sa\u017eetak do 250 rije\u010di<\/li><li>sa\u017eetak sadr\u017ei svrhu rada, najva\u017enije rezultate i zaklju\u010dak rada te klju\u010dne rije\u010di (najvi\u0161e 8 najva\u017enijih pojmova koji se obra\u0111uju u tekstu)<\/li><li>uz sa\u017eetak, potrebno je navesti i ime i prezime autora\/ice; naziv sveu\u010dili\u0161ta, fakulteta, odsjeka i studijske grupe ili smjera, godinu studija na kojoj je autor\/ica te adresu elektroni\u010dke po\u0161te autora\/ice<\/li><li>na natje\u010daj se mo\u017eete prijaviti i kao par ili tim od maksimalno tri \u010dlana, informacije iz prija\u0161nje to\u010dke je potrebno ispuniti za svakog dodatnog \u010dlana grupe<\/li><li>pravo prijave rada ima osoba koja u akademskoj godini 2020.\/2021. ima status studenta na preddiplomskoj, diplomskoj ili poslijediplomskoj razini<\/li><\/ul>\n\n\n\n<p>Prijavom rada javljate se za usmeno i javno izlaganje Va\u0161eg rada. Konferencija je zami\u0161ljena kao prostor egalitarnosti i otvorenog diskursa, stoga budite spremni na konstruktivne kritike i pitanja publike.<\/p>\n\n\n\n<h2><strong>Umjetni\u010dki rad:<\/strong><\/h2>\n\n\n\n<p>Cilj izlo\u017ebe umjetni\u010dkih radova je poticanje kreativnog stvarala\u0161tva studenata kao i razvijanje divergentnog mi\u0161ljenja koje je nu\u017eno u svakodnevnom radu pedagoga neovisno o mjestu zaposlenja. \u017delimo potaknuti na\u0161e sudionike, ali i sve druge studente, na izra\u017eavanje svojih do\u017eivljaja iz studentskog \u017eivota, misli o trenutnim i relevantnim dru\u0161tvenim i pedago\u0161kim pitanjima te statusu pedagogije kao znanosti i struke uporabom razli\u010ditih medija.<\/p>\n\n\n\n<p>Prijava rada treba sadr\u017eavati datoteku, fotokopiju, videozapis ili fotografiju rada kao i kratki sa\u017eetak rada.<\/p>\n\n\n\n<p><strong>Sa\u017eetak umjetni\u010dkog rada <\/strong><\/p>\n\n\n\n<ul><li>je kratko obja\u0161njenje samog rada, unutar kojeg autor\/ica treba radu dati naziv; opisati inspiraciju, proces rada te svrhu tj. poruku koju autor \u017eeli prenijeti svojim radom<\/li><li>mora biti u formatu Microsoft Word dokumenta (.doc ili .docx)<\/li><li>pi\u0161e se\u00a0u fontu Times New Roman, veli\u010dine fonta 12 (naslovi 14), s obostranim poravnanjem te proredom 1.5, margina 2.5 cm<\/li><li>opseg sa\u017eetka ne prelazi 250 rije\u010di<\/li><li>uz sa\u017eetak, potrebno je navesti ime i prezime autora\/ice; naziv sveu\u010dili\u0161ta, fakulteta, odsjeka i studijske grupe ili smjera; godinu studija na kojoj je autor\/autorica te adresu elektroni\u010dke po\u0161te autora\/ice<\/li><li>na natje\u010daj mo\u017eete se prijaviti i kao par ili tim od maksimalno tri \u010dlana, informacije iz prija\u0161nje to\u010dke je potrebno ispuniti za svakog dodatnog \u010dlana grupe<\/li><li>pravo prijave rada ima osoba koja u akademskoj godini 2020.\/2021. ima status studenta na preddiplomskoj, diplomskoj ili poslijediplomskoj razini<\/li><\/ul>\n\n\n\n<p>Umjetni\u010dki radovi bit \u0107e izlo\u017eeni u galeriji tijekom trajanja konferencije. Va\u0161 zadatak je da na sve\u010danom otvorenju izlo\u017ebe predstavite svoj rad. Prijavom rada javljate se za usmeno i javno izlaganje Va\u0161eg rada. Konferencija je zami\u0161ljena kao prostor egalitarnosti i otvorenog diskursa, stoga budite spremni\u00a0 na konstruktivne kritike i pitanja publike.<\/p>\n\n\n\n<h2><strong>Teorijsko-iskustveni rad:<\/strong><\/h2>\n\n\n\n<p>Cilj prezentacije teorijsko-iskustvenih radova je potaknuti studente na prijavu izlaganja svog originalnog teksta. Svako iskustvo mo\u017ee biti pou\u010dno, pogotovo ako koristimo vje\u0161tinu refleksije i analize u svom svakodnevnom radu te ta iskustva mogu kasnije poslu\u017eiti za izgradnu na\u0161eg stru\u010dno- profesionalnog identiteta kao pedagoga. Poru\u010davanje teorije je nu\u017ean preduvjet za rad u bilo kakvoj odgojno-obrazovnoj instituciji, i izvan nje, te zato \u017eelimo pozvati studente da prijave svoje radove u kojem prou\u010davaju razli\u010dite pedagogijske teorije i njihov mogu\u0107i utjecaj na praksu.<\/p>\n\n\n\n<ul><li>rad mora biti u formatu Microsoft Word dokumenta (.doc ili .docx)<\/li><li>rad se pi\u0161e u fontu Times New Roman, veli\u010dine fonta 12 (naslovi 14), s obostranim poravnanjem te proredom 1.5, margina 2.5 cm<\/li><li>sa\u017eetak do 250 rije\u010di<\/li><li>sa\u017eetak sadr\u017ei svrhu rada, najva\u017enije rezultate i zaklju\u010dak rada te klju\u010dne rije\u010di (najvi\u0161e 8 najva\u017enijih pojmova koji se obra\u0111uju u tekstu)<\/li><li>uz sa\u017eetak, potrebno je navesti i ime i prezime autora\/ice; naziv sveu\u010dili\u0161ta, fakulteta, odsjeka i studijske grupe ili smjera, godinu studija na kojoj je autor\/ica te adresu elektroni\u010dke po\u0161te autora\/ice<\/li><li>na natje\u010daj se mo\u017eete prijaviti i kao par ili tim od maksimalno tri \u010dlana, informacije iz prija\u0161nje to\u010dke je potrebno ispuniti za svakog dodatnog \u010dlana grupe<\/li><li>pravo prijave rada ima osoba koja u akademskoj godini 2020.\/2021. ima status studenta na preddiplomskoj, diplomskoj ili poslijediplomskoj razini<\/li><\/ul>\n\n\n\n<p>Prijavom rada javljate se za usmeno i javno izlaganje Va\u0161eg rada. Konferencija je zami\u0161ljena kao prostor egalitarnosti i otvorenog diskursa, stoga budite spremni na konstruktivne kritike i pitanja publike.<\/p>\n","protected":false},"excerpt":{"rendered":"<p>Znanstveno-istra\u017eiva\u010dki rad: rad mora biti u formatu Microsoft Word dokumenta (.doc ili .docx) rad se pi\u0161e u fontu Times New Roman, veli\u010dine fonta 12 (naslovi 14), s obostranim poravnanjem te proredom 1.5, margina 2.5 cm sa\u017eetak do 250 rije\u010di sa\u017eetak sadr\u017ei svrhu rada, najva\u017enije rezultate i zaklju\u010dak rada te klju\u010dne [&hellip;]<\/p>\n","protected":false},"author":2,"featured_media":0,"parent":0,"menu_order":0,"comment_status":"closed","ping_status":"closed","template":"","meta":[],"_links":{"self":[{"href":"https:\/\/ksp.ffzg.unizg.hr\/index.php\/wp-json\/wp\/v2\/pages\/86"}],"collection":[{"href":"https:\/\/ksp.ffzg.unizg.hr\/index.php\/wp-json\/wp\/v2\/pages"}],"about":[{"href":"https:\/\/ksp.ffzg.unizg.hr\/index.php\/wp-json\/wp\/v2\/types\/page"}],"author":[{"embeddable":true,"href":"https:\/\/ksp.ffzg.unizg.hr\/index.php\/wp-json\/wp\/v2\/users\/2"}],"replies":[{"embeddable":true,"href":"https:\/\/ksp.ffzg.unizg.hr\/index.php\/wp-json\/wp\/v2\/comments?post=86"}],"version-history":[{"count":10,"href":"https:\/\/ksp.ffzg.unizg.hr\/index.php\/wp-json\/wp\/v2\/pages\/86\/revisions"}],"predecessor-version":[{"id":360,"href":"https:\/\/ksp.ffzg.unizg.hr\/index.php\/wp-json\/wp\/v2\/pages\/86\/revisions\/360"}],"wp:attachment":[{"href":"https:\/\/ksp.ffzg.unizg.hr\/index.php\/wp-json\/wp\/v2\/media?parent=86"}],"curies":[{"name":"wp","href":"https:\/\/api.w.org\/{rel}","templated":true}]}}